{"id":5031,"date":"2020-06-22T13:50:57","date_gmt":"2020-06-22T11:50:57","guid":{"rendered":"https:\/\/cantinagorgo.com\/100-rosa\/"},"modified":"2021-03-22T17:54:35","modified_gmt":"2021-03-22T17:54:35","slug":"100-frizzante-rosa","status":"publish","type":"page","link":"https:\/\/cantinagorgo.com\/de\/linie-schaumweine\/100-frizzante-rosa\/","title":{"rendered":"100 Rosa"},"content":{"rendered":"\t\t<div data-elementor-type=\"wp-page\" data-elementor-id=\"5031\" class=\"elementor elementor-5031 elementor-1687\" data-elementor-post-type=\"page\">\n\t\t\t\t\t\t<section class=\"elementor-section elementor-top-section elementor-element elementor-element-74383860 elementor-section-full_width elementor-section-height-min-height elementor-hidden-phone elementor-hidden-tablet elementor-section-height-default elementor-section-items-middle parallax_section_no qode_elementor_container_no\" data-id=\"74383860\" data-element_type=\"section\" data-e-type=\"section\" data-settings=\"{&quot;background_background&quot;:&quot;classic&quot;}\">\n\t\t\t\t\t\t<div class=\"elementor-container elementor-column-gap-default\">\n\t\t\t\t\t<div class=\"elementor-column elementor-col-100 elementor-top-column elementor-element elementor-element-1b01f47 elementor-hidden-phone\" data-id=\"1b01f47\" data-element_type=\"column\" data-e-type=\"column\" data-settings=\"{&quot;background_background&quot;:&quot;slideshow&quot;,&quot;background_slideshow_gallery&quot;:[],&quot;background_slideshow_loop&quot;:&quot;yes&quot;,&quot;background_slideshow_slide_duration&quot;:5000,&quot;background_slideshow_slide_transition&quot;:&quot;fade&quot;,&quot;background_slideshow_transition_duration&quot;:500}\">\n\t\t\t<div class=\"elementor-widget-wrap\">\n\t\t\t\t\t\t\t<\/div>\n\t\t<\/div>\n\t\t\t\t\t<\/div>\n\t\t<\/section>\n\t\t\t\t<section class=\"elementor-section elementor-top-section elementor-element elementor-element-2a3e67ca elementor-section-full_width elementor-section-height-default elementor-section-height-default parallax_section_no qode_elementor_container_no\" data-id=\"2a3e67ca\" data-element_type=\"section\" data-e-type=\"section\" data-settings=\"{&quot;background_background&quot;:&quot;classic&quot;}\">\n\t\t\t\t\t\t<div class=\"elementor-container elementor-column-gap-no\">\n\t\t\t\t\t<div class=\"elementor-column elementor-col-50 elementor-top-column elementor-element elementor-element-1b591e32\" data-id=\"1b591e32\" data-element_type=\"column\" data-e-type=\"column\" data-settings=\"{&quot;background_background&quot;:&quot;classic&quot;}\">\n\t\t\t<div class=\"elementor-widget-wrap elementor-element-populated\">\n\t\t\t\t\t\t<div class=\"elementor-element elementor-element-68b099f6 elementor-widget elementor-widget-image\" data-id=\"68b099f6\" data-element_type=\"widget\" data-e-type=\"widget\" data-widget_type=\"image.default\">\n\t\t\t\t<div class=\"elementor-widget-container\">\n\t\t\t\t\t\t\t\t\t\t\t\t\t\t\t<img fetchpriority=\"high\" decoding=\"async\" width=\"400\" height=\"800\" src=\"https:\/\/cantinagorgo.com\/wp-content\/uploads\/2020\/12\/gorgo-100-rosa-bio-frizzante-800x400-v1.png\" class=\"attachment-full size-full wp-image-5902\" alt=\"\" srcset=\"https:\/\/cantinagorgo.com\/wp-content\/uploads\/2020\/12\/gorgo-100-rosa-bio-frizzante-800x400-v1.png 400w, https:\/\/cantinagorgo.com\/wp-content\/uploads\/2020\/12\/gorgo-100-rosa-bio-frizzante-800x400-v1-150x300.png 150w\" sizes=\"(max-width: 400px) 100vw, 400px\" \/>\t\t\t\t\t\t\t\t\t\t\t\t\t\t\t<\/div>\n\t\t\t\t<\/div>\n\t\t\t\t\t<\/div>\n\t\t<\/div>\n\t\t\t\t<div class=\"elementor-column elementor-col-50 elementor-top-column elementor-element elementor-element-55d90ee5\" data-id=\"55d90ee5\" data-element_type=\"column\" data-e-type=\"column\">\n\t\t\t<div class=\"elementor-widget-wrap elementor-element-populated\">\n\t\t\t\t\t\t<div class=\"elementor-element elementor-element-7f61d1bc elementor-widget elementor-widget-text-editor\" data-id=\"7f61d1bc\" data-element_type=\"widget\" data-e-type=\"widget\" data-widget_type=\"text-editor.default\">\n\t\t\t\t<div class=\"elementor-widget-container\">\n\t\t\t\t\t\t\t\t\t<h6>Frizzante Ros\u00e8<\/h6>\n\t\t\t\t\t\t\t\t<\/div>\n\t\t\t\t<\/div>\n\t\t\t\t<div class=\"elementor-element elementor-element-17bf77eb elementor-widget elementor-widget-text-editor\" data-id=\"17bf77eb\" data-element_type=\"widget\" data-e-type=\"widget\" data-widget_type=\"text-editor.default\">\n\t\t\t\t<div class=\"elementor-widget-container\">\n\t\t\t\t\t\t\t\t\t<h3>100 Rosa<\/h3>\n\t\t\t\t\t\t\t\t<\/div>\n\t\t\t\t<\/div>\n\t\t\t\t\t<\/div>\n\t\t<\/div>\n\t\t\t\t\t<\/div>\n\t\t<\/section>\n\t\t\t\t<section class=\"elementor-section elementor-top-section elementor-element elementor-element-57e40a1a elementor-section-full_width elementor-section-content-middle elementor-section-height-default elementor-section-height-default parallax_section_no qode_elementor_container_no\" data-id=\"57e40a1a\" data-element_type=\"section\" data-e-type=\"section\" data-settings=\"{&quot;background_background&quot;:&quot;classic&quot;}\">\n\t\t\t\t\t\t<div class=\"elementor-container elementor-column-gap-no\">\n\t\t\t\t\t<div class=\"elementor-column elementor-col-50 elementor-top-column elementor-element elementor-element-65decb4a\" data-id=\"65decb4a\" data-element_type=\"column\" data-e-type=\"column\">\n\t\t\t<div class=\"elementor-widget-wrap elementor-element-populated\">\n\t\t\t\t\t\t<div class=\"elementor-element elementor-element-6251c2ce elementor-widget elementor-widget-text-editor\" data-id=\"6251c2ce\" data-element_type=\"widget\" data-e-type=\"widget\" data-widget_type=\"text-editor.default\">\n\t\t\t\t<div class=\"elementor-widget-container\">\n\t\t\t\t\t\t\t\t\t<p>Mit seinem rosafarbenen, kristallklaren Auftritt ist dieser Wein eine k\u00f6stlich-prickelnde Einladung, die beschwingt und zu fr\u00f6hlichen Runden animiert.<\/p>\n\t\t\t\t\t\t\t\t<\/div>\n\t\t\t\t<\/div>\n\t\t\t\t<section class=\"elementor-section elementor-inner-section elementor-element elementor-element-4ea5258 elementor-section-content-middle elementor-section-boxed elementor-section-height-default elementor-section-height-default parallax_section_no qode_elementor_container_no\" data-id=\"4ea5258\" data-element_type=\"section\" data-e-type=\"section\">\n\t\t\t\t\t\t<div class=\"elementor-container elementor-column-gap-default\">\n\t\t\t\t\t<div class=\"elementor-column elementor-col-50 elementor-inner-column elementor-element elementor-element-30f2498\" data-id=\"30f2498\" data-element_type=\"column\" data-e-type=\"column\">\n\t\t\t<div class=\"elementor-widget-wrap elementor-element-populated\">\n\t\t\t\t\t\t<div class=\"elementor-element elementor-element-0cd4d96 elementor-position-left elementor-vertical-align-middle elementor-widget elementor-widget-image-box\" data-id=\"0cd4d96\" data-element_type=\"widget\" data-e-type=\"widget\" data-widget_type=\"image-box.default\">\n\t\t\t\t<div class=\"elementor-widget-container\">\n\t\t\t\t\t<div class=\"elementor-image-box-wrapper\"><figure class=\"elementor-image-box-img\"><img decoding=\"async\" src=\"https:\/\/cantinagorgo.com\/wp-content\/uploads\/2020\/06\/icon-uve-oro.svg\" class=\"attachment-full size-full wp-image-1358\" alt=\"\" \/><\/figure><div class=\"elementor-image-box-content\"><p class=\"elementor-image-box-description\">Corvina<br>Rondinella<br>Molinara<br>Altre uve<\/p><\/div><\/div>\t\t\t\t<\/div>\n\t\t\t\t<\/div>\n\t\t\t\t\t<\/div>\n\t\t<\/div>\n\t\t\t\t<div class=\"elementor-column elementor-col-50 elementor-inner-column elementor-element elementor-element-07a123f\" data-id=\"07a123f\" data-element_type=\"column\" data-e-type=\"column\">\n\t\t\t<div class=\"elementor-widget-wrap elementor-element-populated\">\n\t\t\t\t\t\t<div class=\"elementor-element elementor-element-31f6ee2 elementor-position-left elementor-vertical-align-middle elementor-widget elementor-widget-image-box\" data-id=\"31f6ee2\" data-element_type=\"widget\" data-e-type=\"widget\" data-widget_type=\"image-box.default\">\n\t\t\t\t<div class=\"elementor-widget-container\">\n\t\t\t\t\t<div class=\"elementor-image-box-wrapper\"><figure class=\"elementor-image-box-img\"><img decoding=\"async\" src=\"https:\/\/cantinagorgo.com\/wp-content\/uploads\/2020\/06\/icon-bio-oro.svg\" class=\"attachment-full size-full wp-image-1356\" alt=\"\" \/><\/figure><div class=\"elementor-image-box-content\"><p class=\"elementor-image-box-description\">Biowein<\/p><\/div><\/div>\t\t\t\t<\/div>\n\t\t\t\t<\/div>\n\t\t\t\t\t<\/div>\n\t\t<\/div>\n\t\t\t\t\t<\/div>\n\t\t<\/section>\n\t\t\t\t\t<\/div>\n\t\t<\/div>\n\t\t\t\t<div class=\"elementor-column elementor-col-50 elementor-top-column elementor-element elementor-element-663cae6c\" data-id=\"663cae6c\" data-element_type=\"column\" data-e-type=\"column\" data-settings=\"{&quot;background_background&quot;:&quot;classic&quot;}\">\n\t\t\t<div class=\"elementor-widget-wrap elementor-element-populated\">\n\t\t\t\t\t\t<div class=\"elementor-element elementor-element-41d1d83e elementor-widget elementor-widget-image\" data-id=\"41d1d83e\" data-element_type=\"widget\" data-e-type=\"widget\" data-widget_type=\"image.default\">\n\t\t\t\t<div class=\"elementor-widget-container\">\n\t\t\t\t\t\t\t\t\t\t\t\t\t\t\t<img decoding=\"async\" width=\"1000\" height=\"1000\" src=\"https:\/\/cantinagorgo.com\/wp-content\/uploads\/2020\/12\/gorgo-azienda-agricola-100-rosa-bio-frizzante-amb-1000x1000-1.jpg\" class=\"attachment-full size-full wp-image-5032\" alt=\"\" srcset=\"https:\/\/cantinagorgo.com\/wp-content\/uploads\/2020\/12\/gorgo-azienda-agricola-100-rosa-bio-frizzante-amb-1000x1000-1.jpg 1000w, https:\/\/cantinagorgo.com\/wp-content\/uploads\/2020\/12\/gorgo-azienda-agricola-100-rosa-bio-frizzante-amb-1000x1000-1-300x300.jpg 300w, https:\/\/cantinagorgo.com\/wp-content\/uploads\/2020\/12\/gorgo-azienda-agricola-100-rosa-bio-frizzante-amb-1000x1000-1-150x150.jpg 150w, https:\/\/cantinagorgo.com\/wp-content\/uploads\/2020\/12\/gorgo-azienda-agricola-100-rosa-bio-frizzante-amb-1000x1000-1-768x768.jpg 768w, https:\/\/cantinagorgo.com\/wp-content\/uploads\/2020\/12\/gorgo-azienda-agricola-100-rosa-bio-frizzante-amb-1000x1000-1-570x570.jpg 570w, https:\/\/cantinagorgo.com\/wp-content\/uploads\/2020\/12\/gorgo-azienda-agricola-100-rosa-bio-frizzante-amb-1000x1000-1-500x500.jpg 500w, https:\/\/cantinagorgo.com\/wp-content\/uploads\/2020\/12\/gorgo-azienda-agricola-100-rosa-bio-frizzante-amb-1000x1000-1-700x700.jpg 700w\" sizes=\"(max-width: 1000px) 100vw, 1000px\" \/>\t\t\t\t\t\t\t\t\t\t\t\t\t\t\t<\/div>\n\t\t\t\t<\/div>\n\t\t\t\t\t<\/div>\n\t\t<\/div>\n\t\t\t\t\t<\/div>\n\t\t<\/section>\n\t\t\t\t<section class=\"elementor-section elementor-top-section elementor-element elementor-element-5ed9dae4 elementor-section-boxed elementor-section-height-default elementor-section-height-default parallax_section_no qode_elementor_container_no\" data-id=\"5ed9dae4\" data-element_type=\"section\" data-e-type=\"section\" data-settings=\"{&quot;background_background&quot;:&quot;classic&quot;}\">\n\t\t\t\t\t\t\t<div class=\"elementor-background-overlay\"><\/div>\n\t\t\t\t\t\t\t<div class=\"elementor-container elementor-column-gap-wide\">\n\t\t\t\t\t<div class=\"elementor-column elementor-col-100 elementor-top-column elementor-element elementor-element-31aca8a6\" data-id=\"31aca8a6\" data-element_type=\"column\" data-e-type=\"column\">\n\t\t\t<div class=\"elementor-widget-wrap elementor-element-populated\">\n\t\t\t\t\t\t<div class=\"elementor-element elementor-element-3d7f139 elementor-widget elementor-widget-testimonial\" data-id=\"3d7f139\" data-element_type=\"widget\" data-e-type=\"widget\" data-widget_type=\"testimonial.default\">\n\t\t\t\t<div class=\"elementor-widget-container\">\n\t\t\t\t\t\t\t<div class=\"elementor-testimonial-wrapper\">\n\t\t\t\t\t\t\t<div class=\"elementor-testimonial-content\"><p>Per il suo impegno nella salvaguardia dell'ambiente<\/p>\n<\/div>\n\t\t\t\n\t\t\t\t\t\t<div class=\"elementor-testimonial-meta\">\n\t\t\t\t<div class=\"elementor-testimonial-meta-inner\">\n\t\t\t\t\t\n\t\t\t\t\t\t\t\t\t\t<div class=\"elementor-testimonial-details\">\n\t\t\t\t\t\t\t\t\t\t\t\t\t\t\t\t\t\t\t\t<div class=\"elementor-testimonial-job\">Premio Ecofriendly<\/div>\n\t\t\t\t\t\t\t\t\t\t\t\t\t<\/div>\n\t\t\t\t\t\t\t\t\t<\/div>\n\t\t\t<\/div>\n\t\t\t\t\t<\/div>\n\t\t\t\t\t\t<\/div>\n\t\t\t\t<\/div>\n\t\t\t\t\t<\/div>\n\t\t<\/div>\n\t\t\t\t\t<\/div>\n\t\t<\/section>\n\t\t\t\t<section class=\"elementor-section elementor-top-section elementor-element elementor-element-158beb27 qode_elementor_container_inner elementor-section-boxed elementor-section-height-default elementor-section-height-default parallax_section_no\" data-id=\"158beb27\" data-element_type=\"section\" data-e-type=\"section\">\n\t\t\t\t\t\t<div class=\"elementor-container elementor-column-gap-default\">\n\t\t\t\t\t<div class=\"elementor-column elementor-col-50 elementor-top-column elementor-element elementor-element-6fb71c0c\" data-id=\"6fb71c0c\" data-element_type=\"column\" data-e-type=\"column\">\n\t\t\t<div class=\"elementor-widget-wrap elementor-element-populated\">\n\t\t\t\t\t\t<div class=\"elementor-element elementor-element-7f936cb6 elementor-widget elementor-widget-image\" data-id=\"7f936cb6\" data-element_type=\"widget\" data-e-type=\"widget\" data-widget_type=\"image.default\">\n\t\t\t\t<div class=\"elementor-widget-container\">\n\t\t\t\t\t\t\t\t\t\t\t\t\t\t\t<img decoding=\"async\" width=\"800\" height=\"686\" src=\"https:\/\/cantinagorgo.com\/wp-content\/uploads\/2020\/12\/gorgo-azienda-agricola-perlage-rose-800x686-1.jpg\" class=\"attachment-large size-large wp-image-5033\" alt=\"\" srcset=\"https:\/\/cantinagorgo.com\/wp-content\/uploads\/2020\/12\/gorgo-azienda-agricola-perlage-rose-800x686-1.jpg 800w, https:\/\/cantinagorgo.com\/wp-content\/uploads\/2020\/12\/gorgo-azienda-agricola-perlage-rose-800x686-1-300x257.jpg 300w, https:\/\/cantinagorgo.com\/wp-content\/uploads\/2020\/12\/gorgo-azienda-agricola-perlage-rose-800x686-1-768x659.jpg 768w, https:\/\/cantinagorgo.com\/wp-content\/uploads\/2020\/12\/gorgo-azienda-agricola-perlage-rose-800x686-1-700x600.jpg 700w\" sizes=\"(max-width: 800px) 100vw, 800px\" \/>\t\t\t\t\t\t\t\t\t\t\t\t\t\t\t<\/div>\n\t\t\t\t<\/div>\n\t\t\t\t\t<\/div>\n\t\t<\/div>\n\t\t\t\t<div class=\"elementor-column elementor-col-50 elementor-top-column elementor-element elementor-element-2e4e7c0c\" data-id=\"2e4e7c0c\" data-element_type=\"column\" data-e-type=\"column\">\n\t\t\t<div class=\"elementor-widget-wrap elementor-element-populated\">\n\t\t\t\t\t\t<div class=\"elementor-element elementor-element-5202cfe1 elementor-widget elementor-widget-text-editor\" data-id=\"5202cfe1\" data-element_type=\"widget\" data-e-type=\"widget\" data-widget_type=\"text-editor.default\">\n\t\t\t\t<div class=\"elementor-widget-container\">\n\t\t\t\t\t\t\t\t\t<h4>VERKOSTUNGSNOTIZEN<\/h4>\n\t\t\t\t\t\t\t\t<\/div>\n\t\t\t\t<\/div>\n\t\t\t\t<div class=\"elementor-element elementor-element-8d61cf1 elementor-widget elementor-widget-text-editor\" data-id=\"8d61cf1\" data-element_type=\"widget\" data-e-type=\"widget\" data-widget_type=\"text-editor.default\">\n\t\t\t\t<div class=\"elementor-widget-container\">\n\t\t\t\t\t\t\t\t\t<p>Frisch und leicht fruchtig. Im Bukett Noten von Kirsche, Erdbeeren und roten Fr\u00fcchten. Vollmundiger, harmonischer Geschmack.<\/p>\n\t\t\t\t\t\t\t\t<\/div>\n\t\t\t\t<\/div>\n\t\t\t\t<div class=\"elementor-element elementor-element-6a66ad2f elementor-widget elementor-widget-bridge_button\" data-id=\"6a66ad2f\" data-element_type=\"widget\" data-e-type=\"widget\" data-widget_type=\"bridge_button.default\">\n\t\t\t\t<div class=\"elementor-widget-container\">\n\t\t\t\t\t<a  itemprop=\"url\" href=\"https:\/\/drive.google.com\/file\/d\/1rgxoe2-pbtZqgDLIO3du8EnTRiiMNZMC\/view?usp=sharing\" target=\"_blank\"  class=\"qbutton  default\" style=\"\">Datenblatt<\/a>\t\t\t\t<\/div>\n\t\t\t\t<\/div>\n\t\t\t\t\t<\/div>\n\t\t<\/div>\n\t\t\t\t\t<\/div>\n\t\t<\/section>\n\t\t\t\t<section class=\"elementor-section elementor-top-section elementor-element elementor-element-08d43ce elementor-section-boxed elementor-section-height-default elementor-section-height-default parallax_section_no qode_elementor_container_no\" data-id=\"08d43ce\" data-element_type=\"section\" data-e-type=\"section\" data-settings=\"{&quot;background_background&quot;:&quot;classic&quot;}\">\n\t\t\t\t\t\t<div class=\"elementor-container elementor-column-gap-default\">\n\t\t\t\t\t<div class=\"elementor-column elementor-col-100 elementor-top-column elementor-element elementor-element-0f1f30d\" data-id=\"0f1f30d\" data-element_type=\"column\" data-e-type=\"column\">\n\t\t\t<div class=\"elementor-widget-wrap elementor-element-populated\">\n\t\t\t\t\t\t<div class=\"elementor-element elementor-element-df1fdbb elementor-widget elementor-widget-text-editor\" data-id=\"df1fdbb\" data-element_type=\"widget\" data-e-type=\"widget\" data-widget_type=\"text-editor.default\">\n\t\t\t\t<div class=\"elementor-widget-container\">\n\t\t\t\t\t\t\t\t\t<h4>Andere Weine der Linie<\/h4>\n\t\t\t\t\t\t\t\t<\/div>\n\t\t\t\t<\/div>\n\t\t\t\t<section class=\"elementor-section elementor-inner-section elementor-element elementor-element-de9fe21 elementor-hidden-phone elementor-section-boxed elementor-section-height-default elementor-section-height-default parallax_section_no qode_elementor_container_no\" data-id=\"de9fe21\" data-element_type=\"section\" data-e-type=\"section\">\n\t\t\t\t\t\t<div class=\"elementor-container elementor-column-gap-default\">\n\t\t\t\t\t<div class=\"elementor-column elementor-col-25 elementor-inner-column elementor-element elementor-element-7d3866f\" data-id=\"7d3866f\" data-element_type=\"column\" data-e-type=\"column\">\n\t\t\t<div class=\"elementor-widget-wrap elementor-element-populated\">\n\t\t\t\t\t\t<div class=\"elementor-element elementor-element-324fed2 elementor-widget elementor-widget-image\" data-id=\"324fed2\" data-element_type=\"widget\" data-e-type=\"widget\" data-widget_type=\"image.default\">\n\t\t\t\t<div class=\"elementor-widget-container\">\n\t\t\t\t\t\t\t\t\t\t\t\t\t\t\t\t<a href=\"\/de\/linie-schaumweine\/perlato\/\">\n\t\t\t\t\t\t\t<img loading=\"lazy\" decoding=\"async\" width=\"320\" height=\"640\" src=\"https:\/\/cantinagorgo.com\/wp-content\/uploads\/2020\/12\/gorgo-perlato-custoza-doc-bio-spumante-brut-640x320-v2.png\" class=\"attachment-full size-full wp-image-5904\" alt=\"\" srcset=\"https:\/\/cantinagorgo.com\/wp-content\/uploads\/2020\/12\/gorgo-perlato-custoza-doc-bio-spumante-brut-640x320-v2.png 320w, https:\/\/cantinagorgo.com\/wp-content\/uploads\/2020\/12\/gorgo-perlato-custoza-doc-bio-spumante-brut-640x320-v2-150x300.png 150w\" sizes=\"(max-width: 320px) 100vw, 320px\" \/>\t\t\t\t\t\t\t\t<\/a>\n\t\t\t\t\t\t\t\t\t\t\t\t\t\t\t<\/div>\n\t\t\t\t<\/div>\n\t\t\t\t\t<\/div>\n\t\t<\/div>\n\t\t\t\t<div class=\"elementor-column elementor-col-25 elementor-inner-column elementor-element elementor-element-c3ab6d1\" data-id=\"c3ab6d1\" data-element_type=\"column\" data-e-type=\"column\">\n\t\t\t<div class=\"elementor-widget-wrap elementor-element-populated\">\n\t\t\t\t\t\t<div class=\"elementor-element elementor-element-69be7ae elementor-widget elementor-widget-image\" data-id=\"69be7ae\" data-element_type=\"widget\" data-e-type=\"widget\" data-widget_type=\"image.default\">\n\t\t\t\t<div class=\"elementor-widget-container\">\n\t\t\t\t\t\t\t\t\t\t\t\t\t\t\t\t<a href=\"\/de\/linie-schaumweine\/perlato-rosa\/\">\n\t\t\t\t\t\t\t<img loading=\"lazy\" decoding=\"async\" width=\"320\" height=\"640\" src=\"https:\/\/cantinagorgo.com\/wp-content\/uploads\/2020\/12\/gorgo-perlato-rosa-bardolino-chiaretto-doc-bio-spumante-brut-640x320-v2.png\" class=\"attachment-full size-full wp-image-5908\" alt=\"\" srcset=\"https:\/\/cantinagorgo.com\/wp-content\/uploads\/2020\/12\/gorgo-perlato-rosa-bardolino-chiaretto-doc-bio-spumante-brut-640x320-v2.png 320w, https:\/\/cantinagorgo.com\/wp-content\/uploads\/2020\/12\/gorgo-perlato-rosa-bardolino-chiaretto-doc-bio-spumante-brut-640x320-v2-150x300.png 150w\" sizes=\"(max-width: 320px) 100vw, 320px\" \/>\t\t\t\t\t\t\t\t<\/a>\n\t\t\t\t\t\t\t\t\t\t\t\t\t\t\t<\/div>\n\t\t\t\t<\/div>\n\t\t\t\t\t<\/div>\n\t\t<\/div>\n\t\t\t\t<div class=\"elementor-column elementor-col-25 elementor-inner-column elementor-element elementor-element-2d86658\" data-id=\"2d86658\" data-element_type=\"column\" data-e-type=\"column\">\n\t\t\t<div class=\"elementor-widget-wrap elementor-element-populated\">\n\t\t\t\t\t\t<div class=\"elementor-element elementor-element-47aef23 elementor-widget elementor-widget-image\" data-id=\"47aef23\" data-element_type=\"widget\" data-e-type=\"widget\" data-widget_type=\"image.default\">\n\t\t\t\t<div class=\"elementor-widget-container\">\n\t\t\t\t\t\t\t\t\t\t\t\t\t\t\t\t<a href=\"\/de\/linie-schaumweine\/100-frizzante-bianco\/\">\n\t\t\t\t\t\t\t<img loading=\"lazy\" decoding=\"async\" width=\"320\" height=\"640\" src=\"https:\/\/cantinagorgo.com\/wp-content\/uploads\/2020\/12\/gorgo-100-bio-frizzante-640x320-v1.png\" class=\"attachment-full size-full wp-image-5912\" alt=\"\" srcset=\"https:\/\/cantinagorgo.com\/wp-content\/uploads\/2020\/12\/gorgo-100-bio-frizzante-640x320-v1.png 320w, https:\/\/cantinagorgo.com\/wp-content\/uploads\/2020\/12\/gorgo-100-bio-frizzante-640x320-v1-150x300.png 150w\" sizes=\"(max-width: 320px) 100vw, 320px\" \/>\t\t\t\t\t\t\t\t<\/a>\n\t\t\t\t\t\t\t\t\t\t\t\t\t\t\t<\/div>\n\t\t\t\t<\/div>\n\t\t\t\t\t<\/div>\n\t\t<\/div>\n\t\t\t\t<div class=\"elementor-column elementor-col-25 elementor-inner-column elementor-element elementor-element-1dd9636\" data-id=\"1dd9636\" data-element_type=\"column\" data-e-type=\"column\">\n\t\t\t<div class=\"elementor-widget-wrap elementor-element-populated\">\n\t\t\t\t\t\t<div class=\"elementor-element elementor-element-1cdce30 elementor-widget elementor-widget-image\" data-id=\"1cdce30\" data-element_type=\"widget\" data-e-type=\"widget\" data-widget_type=\"image.default\">\n\t\t\t\t<div class=\"elementor-widget-container\">\n\t\t\t\t\t\t\t\t\t\t\t\t\t\t\t\t<a href=\"\/de\/linie-schaumweine\/rosa-di-montetorre\/\">\n\t\t\t\t\t\t\t<img loading=\"lazy\" decoding=\"async\" width=\"320\" height=\"640\" src=\"https:\/\/cantinagorgo.com\/wp-content\/uploads\/2020\/12\/gorgo-rosa-monte-torre-igt-verona-640x320-low.png\" class=\"attachment-full size-full wp-image-5916\" alt=\"\" srcset=\"https:\/\/cantinagorgo.com\/wp-content\/uploads\/2020\/12\/gorgo-rosa-monte-torre-igt-verona-640x320-low.png 320w, https:\/\/cantinagorgo.com\/wp-content\/uploads\/2020\/12\/gorgo-rosa-monte-torre-igt-verona-640x320-low-150x300.png 150w\" sizes=\"(max-width: 320px) 100vw, 320px\" \/>\t\t\t\t\t\t\t\t<\/a>\n\t\t\t\t\t\t\t\t\t\t\t\t\t\t\t<\/div>\n\t\t\t\t<\/div>\n\t\t\t\t\t<\/div>\n\t\t<\/div>\n\t\t\t\t\t<\/div>\n\t\t<\/section>\n\t\t\t\t<section class=\"elementor-section elementor-inner-section elementor-element elementor-element-39b3717 elementor-hidden-desktop elementor-hidden-tablet elementor-section-boxed elementor-section-height-default elementor-section-height-default parallax_section_no qode_elementor_container_no\" data-id=\"39b3717\" data-element_type=\"section\" data-e-type=\"section\">\n\t\t\t\t\t\t<div class=\"elementor-container elementor-column-gap-default\">\n\t\t\t\t\t<div class=\"elementor-column elementor-col-100 elementor-inner-column elementor-element elementor-element-f7c1f8d\" data-id=\"f7c1f8d\" data-element_type=\"column\" data-e-type=\"column\">\n\t\t\t<div class=\"elementor-widget-wrap elementor-element-populated\">\n\t\t\t\t\t\t<div class=\"elementor-element elementor-element-7bc5116 elementor-align-center elementor-widget elementor-widget-button\" data-id=\"7bc5116\" data-element_type=\"widget\" data-e-type=\"widget\" data-widget_type=\"button.default\">\n\t\t\t\t<div class=\"elementor-widget-container\">\n\t\t\t\t\t\t\t\t\t<div class=\"elementor-button-wrapper\">\n\t\t\t\t\t<a class=\"elementor-button elementor-button-link elementor-size-lg\" href=\"\/de\/linie-schaumweine\/100-frizzante-bianco\/\">\n\t\t\t\t\t\t<span class=\"elementor-button-content-wrapper\">\n\t\t\t\t\t\t<span class=\"elementor-button-icon\">\n\t\t\t\t<i aria-hidden=\"true\" class=\"fas fa-chevron-left\"><\/i>\t\t\t<\/span>\n\t\t\t\t\t\t\t\t\t<span class=\"elementor-button-text\">Vorherigen<\/span>\n\t\t\t\t\t<\/span>\n\t\t\t\t\t<\/a>\n\t\t\t\t<\/div>\n\t\t\t\t\t\t\t\t<\/div>\n\t\t\t\t<\/div>\n\t\t\t\t<div class=\"elementor-element elementor-element-570f91b elementor-align-center elementor-widget elementor-widget-button\" data-id=\"570f91b\" data-element_type=\"widget\" data-e-type=\"widget\" data-widget_type=\"button.default\">\n\t\t\t\t<div class=\"elementor-widget-container\">\n\t\t\t\t\t\t\t\t\t<div class=\"elementor-button-wrapper\">\n\t\t\t\t\t<a class=\"elementor-button elementor-button-link elementor-size-lg\" href=\"\/de\/linie-schaumweine\/rosa-di-montetorre\/\">\n\t\t\t\t\t\t<span class=\"elementor-button-content-wrapper\">\n\t\t\t\t\t\t<span class=\"elementor-button-icon\">\n\t\t\t\t<i aria-hidden=\"true\" class=\"fas fa-chevron-right\"><\/i>\t\t\t<\/span>\n\t\t\t\t\t\t\t\t\t<span class=\"elementor-button-text\">N\u00e4chste<\/span>\n\t\t\t\t\t<\/span>\n\t\t\t\t\t<\/a>\n\t\t\t\t<\/div>\n\t\t\t\t\t\t\t\t<\/div>\n\t\t\t\t<\/div>\n\t\t\t\t\t<\/div>\n\t\t<\/div>\n\t\t\t\t\t<\/div>\n\t\t<\/section>\n\t\t\t\t\t<\/div>\n\t\t<\/div>\n\t\t\t\t\t<\/div>\n\t\t<\/section>\n\t\t\t\t<\/div>\n\t\t","protected":false},"excerpt":{"rendered":"<p>Frizzante Ros\u00e8 100 Rosa Mit seinem rosafarbenen, kristallklaren Auftritt ist dieser Wein eine k\u00f6stlich-prickelnde Einladung, die beschwingt und zu fr\u00f6hlichen Runden animiert. CorvinaRondinellaMolinaraAltre uve Biowein Per il suo impegno nella salvaguardia dell&#8217;ambiente Premio Ecofriendly VERKOSTUNGSNOTIZEN Frisch und leicht fruchtig. Im Bukett Noten von Kirsche, Erdbeeren&#8230;<\/p>\n","protected":false},"author":1,"featured_media":0,"parent":5067,"menu_order":0,"comment_status":"closed","ping_status":"closed","template":"elementor_header_footer","meta":{"footnotes":""},"class_list":["post-5031","page","type-page","status-publish","hentry"],"_links":{"self":[{"href":"https:\/\/cantinagorgo.com\/de\/wp-json\/wp\/v2\/pages\/5031","targetHints":{"allow":["GET"]}}],"collection":[{"href":"https:\/\/cantinagorgo.com\/de\/wp-json\/wp\/v2\/pages"}],"about":[{"href":"https:\/\/cantinagorgo.com\/de\/wp-json\/wp\/v2\/types\/page"}],"author":[{"embeddable":true,"href":"https:\/\/cantinagorgo.com\/de\/wp-json\/wp\/v2\/users\/1"}],"replies":[{"embeddable":true,"href":"https:\/\/cantinagorgo.com\/de\/wp-json\/wp\/v2\/comments?post=5031"}],"version-history":[{"count":10,"href":"https:\/\/cantinagorgo.com\/de\/wp-json\/wp\/v2\/pages\/5031\/revisions"}],"predecessor-version":[{"id":5432,"href":"https:\/\/cantinagorgo.com\/de\/wp-json\/wp\/v2\/pages\/5031\/revisions\/5432"}],"up":[{"embeddable":true,"href":"https:\/\/cantinagorgo.com\/de\/wp-json\/wp\/v2\/pages\/5067"}],"wp:attachment":[{"href":"https:\/\/cantinagorgo.com\/de\/wp-json\/wp\/v2\/media?parent=5031"}],"curies":[{"name":"wp","href":"https:\/\/api.w.org\/{rel}","templated":true}]}}