{"id":5074,"date":"2020-06-09T11:44:51","date_gmt":"2020-06-09T09:44:51","guid":{"rendered":"https:\/\/cantinagorgo.com\/weine\/"},"modified":"2024-07-25T17:25:06","modified_gmt":"2024-07-25T15:25:06","slug":"weine","status":"publish","type":"page","link":"https:\/\/cantinagorgo.com\/de\/weine\/","title":{"rendered":"Weine"},"content":{"rendered":"\t\t<div data-elementor-type=\"wp-page\" data-elementor-id=\"5074\" class=\"elementor elementor-5074 elementor-1275\" data-elementor-post-type=\"page\">\n\t\t\t\t\t\t<section class=\"elementor-section elementor-top-section elementor-element elementor-element-be282f6 elementor-section-full_width elementor-section-height-default elementor-section-height-default parallax_section_no qode_elementor_container_no\" data-id=\"be282f6\" data-element_type=\"section\" data-e-type=\"section\">\n\t\t\t\t\t\t<div class=\"elementor-container elementor-column-gap-default\">\n\t\t\t\t\t<div class=\"elementor-column elementor-col-100 elementor-top-column elementor-element elementor-element-ab4607d\" data-id=\"ab4607d\" data-element_type=\"column\" data-e-type=\"column\">\n\t\t\t<div class=\"elementor-widget-wrap elementor-element-populated\">\n\t\t\t\t\t\t<div class=\"elementor-element elementor-element-3233e04 elementor-widget elementor-widget-image\" data-id=\"3233e04\" data-element_type=\"widget\" data-e-type=\"widget\" data-widget_type=\"image.default\">\n\t\t\t\t<div class=\"elementor-widget-container\">\n\t\t\t\t\t\t\t\t\t\t\t\t\t\t\t<img fetchpriority=\"high\" decoding=\"async\" width=\"1920\" height=\"545\" src=\"https:\/\/cantinagorgo.com\/wp-content\/uploads\/2020\/11\/gorgo-azienda-agricola-premi-recensioni-header-1920x545-1.jpg\" class=\"attachment-full size-full wp-image-5119\" alt=\"\" srcset=\"https:\/\/cantinagorgo.com\/wp-content\/uploads\/2020\/11\/gorgo-azienda-agricola-premi-recensioni-header-1920x545-1.jpg 1920w, https:\/\/cantinagorgo.com\/wp-content\/uploads\/2020\/11\/gorgo-azienda-agricola-premi-recensioni-header-1920x545-1-300x85.jpg 300w, https:\/\/cantinagorgo.com\/wp-content\/uploads\/2020\/11\/gorgo-azienda-agricola-premi-recensioni-header-1920x545-1-1024x291.jpg 1024w, https:\/\/cantinagorgo.com\/wp-content\/uploads\/2020\/11\/gorgo-azienda-agricola-premi-recensioni-header-1920x545-1-768x218.jpg 768w, https:\/\/cantinagorgo.com\/wp-content\/uploads\/2020\/11\/gorgo-azienda-agricola-premi-recensioni-header-1920x545-1-1536x436.jpg 1536w, https:\/\/cantinagorgo.com\/wp-content\/uploads\/2020\/11\/gorgo-azienda-agricola-premi-recensioni-header-1920x545-1-700x199.jpg 700w\" sizes=\"(max-width: 1920px) 100vw, 1920px\" \/>\t\t\t\t\t\t\t\t\t\t\t\t\t\t\t<\/div>\n\t\t\t\t<\/div>\n\t\t\t\t\t<\/div>\n\t\t<\/div>\n\t\t\t\t\t<\/div>\n\t\t<\/section>\n\t\t\t\t<section class=\"elementor-section elementor-top-section elementor-element elementor-element-fc15fd0 elementor-section-boxed elementor-section-height-default elementor-section-height-default parallax_section_no qode_elementor_container_no\" data-id=\"fc15fd0\" data-element_type=\"section\" data-e-type=\"section\">\n\t\t\t\t\t\t<div class=\"elementor-container elementor-column-gap-default\">\n\t\t\t\t\t<div class=\"elementor-column elementor-col-100 elementor-top-column elementor-element elementor-element-2f13e90\" data-id=\"2f13e90\" data-element_type=\"column\" data-e-type=\"column\">\n\t\t\t<div class=\"elementor-widget-wrap elementor-element-populated\">\n\t\t\t\t\t\t<div class=\"elementor-element elementor-element-8e56573 elementor-widget elementor-widget-text-editor\" data-id=\"8e56573\" data-element_type=\"widget\" data-e-type=\"widget\" data-widget_type=\"text-editor.default\">\n\t\t\t\t<div class=\"elementor-widget-container\">\n\t\t\t\t\t\t\t\t\t<h6>Unsere Linien<\/h6>\n\t\t\t\t\t\t\t\t<\/div>\n\t\t\t\t<\/div>\n\t\t\t\t<div class=\"elementor-element elementor-element-91b1622 elementor-widget elementor-widget-text-editor\" data-id=\"91b1622\" data-element_type=\"widget\" data-e-type=\"widget\" data-widget_type=\"text-editor.default\">\n\t\t\t\t<div class=\"elementor-widget-container\">\n\t\t\t\t\t\t\t\t\t<h2>Gorgo-Weine<\/h2>\n\t\t\t\t\t\t\t\t<\/div>\n\t\t\t\t<\/div>\n\t\t\t\t\t<\/div>\n\t\t<\/div>\n\t\t\t\t\t<\/div>\n\t\t<\/section>\n\t\t\t\t<section class=\"elementor-section elementor-top-section elementor-element elementor-element-6aec345 elementor-section-boxed elementor-section-height-default elementor-section-height-default parallax_section_no qode_elementor_container_no\" data-id=\"6aec345\" data-element_type=\"section\" data-e-type=\"section\">\n\t\t\t\t\t\t<div class=\"elementor-container elementor-column-gap-default\">\n\t\t\t\t\t<div class=\"elementor-column elementor-col-33 elementor-top-column elementor-element elementor-element-f0448eb\" data-id=\"f0448eb\" data-element_type=\"column\" data-e-type=\"column\">\n\t\t\t<div class=\"elementor-widget-wrap elementor-element-populated\">\n\t\t\t\t\t\t<div class=\"elementor-element elementor-element-689344ee elementor-widget elementor-widget-image\" data-id=\"689344ee\" data-element_type=\"widget\" data-e-type=\"widget\" data-widget_type=\"image.default\">\n\t\t\t\t<div class=\"elementor-widget-container\">\n\t\t\t\t\t\t\t\t\t\t\t\t\t\t\t\t<a href=\"https:\/\/cantinagorgo.com\/de\/linie-classica\/\">\n\t\t\t\t\t\t\t<img decoding=\"async\" width=\"800\" height=\"686\" src=\"https:\/\/cantinagorgo.com\/wp-content\/uploads\/2020\/07\/gorgo-linea-classica-vini-800x686-1.jpg\" class=\"attachment-full size-full wp-image-5065\" alt=\"\" srcset=\"https:\/\/cantinagorgo.com\/wp-content\/uploads\/2020\/07\/gorgo-linea-classica-vini-800x686-1.jpg 800w, https:\/\/cantinagorgo.com\/wp-content\/uploads\/2020\/07\/gorgo-linea-classica-vini-800x686-1-300x257.jpg 300w, https:\/\/cantinagorgo.com\/wp-content\/uploads\/2020\/07\/gorgo-linea-classica-vini-800x686-1-768x659.jpg 768w, https:\/\/cantinagorgo.com\/wp-content\/uploads\/2020\/07\/gorgo-linea-classica-vini-800x686-1-700x600.jpg 700w\" sizes=\"(max-width: 800px) 100vw, 800px\" \/>\t\t\t\t\t\t\t\t<\/a>\n\t\t\t\t\t\t\t\t\t\t\t\t\t\t\t<\/div>\n\t\t\t\t<\/div>\n\t\t\t\t<div class=\"elementor-element elementor-element-8acdbbb elementor-widget elementor-widget-text-editor\" data-id=\"8acdbbb\" data-element_type=\"widget\" data-e-type=\"widget\" data-widget_type=\"text-editor.default\">\n\t\t\t\t<div class=\"elementor-widget-container\">\n\t\t\t\t\t\t\t\t\t<h6>Linie<\/h6>\n\t\t\t\t\t\t\t\t<\/div>\n\t\t\t\t<\/div>\n\t\t\t\t<div class=\"elementor-element elementor-element-9a0cba3 elementor-widget elementor-widget-text-editor\" data-id=\"9a0cba3\" data-element_type=\"widget\" data-e-type=\"widget\" data-widget_type=\"text-editor.default\">\n\t\t\t\t<div class=\"elementor-widget-container\">\n\t\t\t\t\t\t\t\t\t<h3>Classica<\/h3>\n\t\t\t\t\t\t\t\t<\/div>\n\t\t\t\t<\/div>\n\t\t\t\t<div class=\"elementor-element elementor-element-0dc3a02 elementor-widget elementor-widget-text-editor\" data-id=\"0dc3a02\" data-element_type=\"widget\" data-e-type=\"widget\" data-widget_type=\"text-editor.default\">\n\t\t\t\t<div class=\"elementor-widget-container\">\n\t\t\t\t\t\t\t\t\t<p>Unsere regionstypischen Bio-Weine stehen f\u00fcr die klassischen DOCs (\u201ekontrollierte Ursprungsbezeichnungen\u201c) des Gebiets um Verona. Sie zeichnen sich durch modernen und vielseitigen Stil aus, sind zugleich aber treuer Ausdruck des faszinierenden Gardasee-Terroirs, das den Weinen nat\u00fcrliche Harmonie, Mineralit\u00e4t und Saftigkeit schenkt.<\/p>\n\t\t\t\t\t\t\t\t<\/div>\n\t\t\t\t<\/div>\n\t\t\t\t<div class=\"elementor-element elementor-element-fc08b8d elementor-widget__width-auto elementor-widget elementor-widget-bridge_button_v2\" data-id=\"fc08b8d\" data-element_type=\"widget\" data-e-type=\"widget\" data-widget_type=\"bridge_button_v2.default\">\n\t\t\t\t<div class=\"elementor-widget-container\">\n\t\t\t\t\t\n\n\t<a href=\"\/de\/linie-classica\/\" target=\"_self\" style=\"color: #000000;font-family: Open sans condensed;font-size: 14px;font-weight: 400;text-transform: uppercase;font-style: normal;letter-spacing: 4.45px\" class=\"qode-btn qode-btn-medium qode-btn-simple\"  >\n\t    <span class=\"qode-btn-text\">Mehr erfahren<\/span><span class=\"qode-button-v2-icon-holder\" style=\"font-size: 34px\" ><span aria-hidden=\"true\" class=\"qode_icon_font_elegant  qode-button-v2-icon-holder-inner\" ><\/span><\/span>\t<\/a>\n\n\t\t\t\t<\/div>\n\t\t\t\t<\/div>\n\t\t\t\t\t<\/div>\n\t\t<\/div>\n\t\t\t\t<div class=\"elementor-column elementor-col-33 elementor-top-column elementor-element elementor-element-29113d6\" data-id=\"29113d6\" data-element_type=\"column\" data-e-type=\"column\">\n\t\t\t<div class=\"elementor-widget-wrap elementor-element-populated\">\n\t\t\t\t\t\t<div class=\"elementor-element elementor-element-004db40 elementor-widget elementor-widget-image\" data-id=\"004db40\" data-element_type=\"widget\" data-e-type=\"widget\" data-widget_type=\"image.default\">\n\t\t\t\t<div class=\"elementor-widget-container\">\n\t\t\t\t\t\t\t\t\t\t\t\t\t\t\t\t<a href=\"https:\/\/cantinagorgo.com\/de\/linie-superiore\/\">\n\t\t\t\t\t\t\t<img decoding=\"async\" width=\"800\" height=\"686\" src=\"https:\/\/cantinagorgo.com\/wp-content\/uploads\/2024\/07\/gorgo-linea-superiore-vini-800x686-v2024.07.jpg\" class=\"attachment-full size-full wp-image-7525\" alt=\"\" srcset=\"https:\/\/cantinagorgo.com\/wp-content\/uploads\/2024\/07\/gorgo-linea-superiore-vini-800x686-v2024.07.jpg 800w, https:\/\/cantinagorgo.com\/wp-content\/uploads\/2024\/07\/gorgo-linea-superiore-vini-800x686-v2024.07-300x257.jpg 300w, https:\/\/cantinagorgo.com\/wp-content\/uploads\/2024\/07\/gorgo-linea-superiore-vini-800x686-v2024.07-768x659.jpg 768w, https:\/\/cantinagorgo.com\/wp-content\/uploads\/2024\/07\/gorgo-linea-superiore-vini-800x686-v2024.07-700x600.jpg 700w\" sizes=\"(max-width: 800px) 100vw, 800px\" \/>\t\t\t\t\t\t\t\t<\/a>\n\t\t\t\t\t\t\t\t\t\t\t\t\t\t\t<\/div>\n\t\t\t\t<\/div>\n\t\t\t\t<div class=\"elementor-element elementor-element-4add531 elementor-widget elementor-widget-text-editor\" data-id=\"4add531\" data-element_type=\"widget\" data-e-type=\"widget\" data-widget_type=\"text-editor.default\">\n\t\t\t\t<div class=\"elementor-widget-container\">\n\t\t\t\t\t\t\t\t\t<h6>Linie<\/h6>\n\t\t\t\t\t\t\t\t<\/div>\n\t\t\t\t<\/div>\n\t\t\t\t<div class=\"elementor-element elementor-element-b1e5032 elementor-widget elementor-widget-text-editor\" data-id=\"b1e5032\" data-element_type=\"widget\" data-e-type=\"widget\" data-widget_type=\"text-editor.default\">\n\t\t\t\t<div class=\"elementor-widget-container\">\n\t\t\t\t\t\t\t\t\t<h3>Superiore<\/h3>\n\t\t\t\t\t\t\t\t<\/div>\n\t\t\t\t<\/div>\n\t\t\t\t<div class=\"elementor-element elementor-element-c226ecb elementor-widget elementor-widget-text-editor\" data-id=\"c226ecb\" data-element_type=\"widget\" data-e-type=\"widget\" data-widget_type=\"text-editor.default\">\n\t\t\t\t<div class=\"elementor-widget-container\">\n\t\t\t\t\t\t\t\t\t<p>Mit dieser Linie wollen wir das Beste aus dem Terroir unserer Weinberge herausholen. Unser Ziel ist ein unverf\u00e4lschter, klarer Ausdruck. Diese Weine sollen auf authentisch und klar erkennbare Weise zeigen, wo sie herkommen.<\/p>\n\t\t\t\t\t\t\t\t<\/div>\n\t\t\t\t<\/div>\n\t\t\t\t<div class=\"elementor-element elementor-element-589a4b9 elementor-widget__width-auto elementor-widget elementor-widget-bridge_button_v2\" data-id=\"589a4b9\" data-element_type=\"widget\" data-e-type=\"widget\" data-settings=\"{&quot;_animation&quot;:&quot;none&quot;}\" data-widget_type=\"bridge_button_v2.default\">\n\t\t\t\t<div class=\"elementor-widget-container\">\n\t\t\t\t\t\n\n\t<a href=\"\/de\/linie-superiore\/\" target=\"_self\" style=\"color: #000000;font-family: Open sans condensed;font-size: 14px;font-weight: 300;text-transform: uppercase;font-style: normal;letter-spacing: 4.45px\" class=\"qode-btn qode-btn-medium qode-btn-simple\"  >\n\t    <span class=\"qode-btn-text\">Mehr erfahren<\/span><span class=\"qode-button-v2-icon-holder\" style=\"font-size: 34px\" ><span aria-hidden=\"true\" class=\"qode_icon_font_elegant  qode-button-v2-icon-holder-inner\" ><\/span><\/span>\t<\/a>\n\n\t\t\t\t<\/div>\n\t\t\t\t<\/div>\n\t\t\t\t\t<\/div>\n\t\t<\/div>\n\t\t\t\t<div class=\"elementor-column elementor-col-33 elementor-top-column elementor-element elementor-element-b242b4d\" data-id=\"b242b4d\" data-element_type=\"column\" data-e-type=\"column\">\n\t\t\t<div class=\"elementor-widget-wrap elementor-element-populated\">\n\t\t\t\t\t\t<div class=\"elementor-element elementor-element-c2f575c elementor-widget elementor-widget-image\" data-id=\"c2f575c\" data-element_type=\"widget\" data-e-type=\"widget\" data-widget_type=\"image.default\">\n\t\t\t\t<div class=\"elementor-widget-container\">\n\t\t\t\t\t\t\t\t\t\t\t\t\t\t\t\t<a href=\"https:\/\/cantinagorgo.com\/de\/linie-schaumweine\/\">\n\t\t\t\t\t\t\t<img loading=\"lazy\" decoding=\"async\" width=\"800\" height=\"686\" src=\"https:\/\/cantinagorgo.com\/wp-content\/uploads\/2024\/07\/gorgo-linea-spumanti-vini-800x686-v2024.07.jpg\" class=\"attachment-full size-full wp-image-7537\" alt=\"\" srcset=\"https:\/\/cantinagorgo.com\/wp-content\/uploads\/2024\/07\/gorgo-linea-spumanti-vini-800x686-v2024.07.jpg 800w, https:\/\/cantinagorgo.com\/wp-content\/uploads\/2024\/07\/gorgo-linea-spumanti-vini-800x686-v2024.07-300x257.jpg 300w, https:\/\/cantinagorgo.com\/wp-content\/uploads\/2024\/07\/gorgo-linea-spumanti-vini-800x686-v2024.07-768x659.jpg 768w, https:\/\/cantinagorgo.com\/wp-content\/uploads\/2024\/07\/gorgo-linea-spumanti-vini-800x686-v2024.07-700x600.jpg 700w\" sizes=\"(max-width: 800px) 100vw, 800px\" \/>\t\t\t\t\t\t\t\t<\/a>\n\t\t\t\t\t\t\t\t\t\t\t\t\t\t\t<\/div>\n\t\t\t\t<\/div>\n\t\t\t\t<div class=\"elementor-element elementor-element-e2b1543 elementor-widget elementor-widget-text-editor\" data-id=\"e2b1543\" data-element_type=\"widget\" data-e-type=\"widget\" data-widget_type=\"text-editor.default\">\n\t\t\t\t<div class=\"elementor-widget-container\">\n\t\t\t\t\t\t\t\t\t<h6>Linie<\/h6>\n\t\t\t\t\t\t\t\t<\/div>\n\t\t\t\t<\/div>\n\t\t\t\t<div class=\"elementor-element elementor-element-1eb5c8c elementor-widget elementor-widget-text-editor\" data-id=\"1eb5c8c\" data-element_type=\"widget\" data-e-type=\"widget\" data-widget_type=\"text-editor.default\">\n\t\t\t\t<div class=\"elementor-widget-container\">\n\t\t\t\t\t\t\t\t\t<h3>Schaumweine<\/h3>\n\t\t\t\t\t\t\t\t<\/div>\n\t\t\t\t<\/div>\n\t\t\t\t<div class=\"elementor-element elementor-element-f213938 elementor-widget elementor-widget-text-editor\" data-id=\"f213938\" data-element_type=\"widget\" data-e-type=\"widget\" data-widget_type=\"text-editor.default\">\n\t\t\t\t<div class=\"elementor-widget-container\">\n\t\t\t\t\t\t\t\t\t<p>Schaumweine sch\u00e4tzen wir f\u00fcr die besonderen Momente des Lebens. Die unseren passen zu romantischer Zweisamkeit ebenso gut wie zur fr\u00f6hlichen Freundesrunde, zu einem netten Aperitif wie zu mond\u00e4nen Events. Und dank ihrer fr\u00f6hlich perlenden, l\u00e4ssigen und erschwinglichen Natur findet sich immer ein guter Anlass zum Ansto\u00dfen!<\/p>\n\t\t\t\t\t\t\t\t<\/div>\n\t\t\t\t<\/div>\n\t\t\t\t<div class=\"elementor-element elementor-element-88af47c elementor-widget__width-auto elementor-widget elementor-widget-bridge_button_v2\" data-id=\"88af47c\" data-element_type=\"widget\" data-e-type=\"widget\" data-settings=\"{&quot;_animation&quot;:&quot;none&quot;}\" data-widget_type=\"bridge_button_v2.default\">\n\t\t\t\t<div class=\"elementor-widget-container\">\n\t\t\t\t\t\n\n\t<a href=\"\/de\/linie-schaumweine\/\" target=\"_self\" style=\"color: #000000;font-family: Open sans condensed;font-size: 14px;font-weight: 300;text-transform: uppercase;font-style: normal;letter-spacing: 4.45px\" class=\"qode-btn qode-btn-medium qode-btn-simple\"  >\n\t    <span class=\"qode-btn-text\">Mehr erfahren<\/span><span class=\"qode-button-v2-icon-holder\" style=\"font-size: 34px\" ><span aria-hidden=\"true\" class=\"qode_icon_font_elegant  qode-button-v2-icon-holder-inner\" ><\/span><\/span>\t<\/a>\n\n\t\t\t\t<\/div>\n\t\t\t\t<\/div>\n\t\t\t\t\t<\/div>\n\t\t<\/div>\n\t\t\t\t\t<\/div>\n\t\t<\/section>\n\t\t\t\t<\/div>\n\t\t","protected":false},"excerpt":{"rendered":"<p>Unsere Linien Gorgo-Weine Linie Classica Unsere regionstypischen Bio-Weine stehen f\u00fcr die klassischen DOCs (\u201ekontrollierte Ursprungsbezeichnungen\u201c) des Gebiets um Verona. Sie zeichnen sich durch modernen und vielseitigen Stil aus, sind zugleich aber treuer Ausdruck des faszinierenden Gardasee-Terroirs, das den Weinen nat\u00fcrliche Harmonie, Mineralit\u00e4t und Saftigkeit schenkt&#8230;.<\/p>\n","protected":false},"author":1,"featured_media":0,"parent":0,"menu_order":0,"comment_status":"closed","ping_status":"closed","template":"elementor_header_footer","meta":{"footnotes":""},"class_list":["post-5074","page","type-page","status-publish","hentry"],"_links":{"self":[{"href":"https:\/\/cantinagorgo.com\/de\/wp-json\/wp\/v2\/pages\/5074","targetHints":{"allow":["GET"]}}],"collection":[{"href":"https:\/\/cantinagorgo.com\/de\/wp-json\/wp\/v2\/pages"}],"about":[{"href":"https:\/\/cantinagorgo.com\/de\/wp-json\/wp\/v2\/types\/page"}],"author":[{"embeddable":true,"href":"https:\/\/cantinagorgo.com\/de\/wp-json\/wp\/v2\/users\/1"}],"replies":[{"embeddable":true,"href":"https:\/\/cantinagorgo.com\/de\/wp-json\/wp\/v2\/comments?post=5074"}],"version-history":[{"count":2,"href":"https:\/\/cantinagorgo.com\/de\/wp-json\/wp\/v2\/pages\/5074\/revisions"}],"predecessor-version":[{"id":7550,"href":"https:\/\/cantinagorgo.com\/de\/wp-json\/wp\/v2\/pages\/5074\/revisions\/7550"}],"wp:attachment":[{"href":"https:\/\/cantinagorgo.com\/de\/wp-json\/wp\/v2\/media?parent=5074"}],"curies":[{"name":"wp","href":"https:\/\/api.w.org\/{rel}","templated":true}]}}