{"id":5079,"date":"2019-10-07T10:54:24","date_gmt":"2019-10-07T10:54:24","guid":{"rendered":"https:\/\/cantinagorgo.com\/familie\/"},"modified":"2021-03-22T14:23:26","modified_gmt":"2021-03-22T14:23:26","slug":"familie","status":"publish","type":"page","link":"https:\/\/cantinagorgo.com\/de\/familie\/","title":{"rendered":"Familie"},"content":{"rendered":"\t\t<div data-elementor-type=\"wp-page\" data-elementor-id=\"5079\" class=\"elementor elementor-5079 elementor-216\" data-elementor-post-type=\"page\">\n\t\t\t\t\t\t<section class=\"elementor-section elementor-top-section elementor-element elementor-element-d7b2368 elementor-section-full_width elementor-section-height-default elementor-section-height-default parallax_section_no qode_elementor_container_no\" data-id=\"d7b2368\" data-element_type=\"section\" data-e-type=\"section\">\n\t\t\t\t\t\t<div class=\"elementor-container elementor-column-gap-default\">\n\t\t\t\t\t<div class=\"elementor-column elementor-col-100 elementor-top-column elementor-element elementor-element-9b4a054\" data-id=\"9b4a054\" data-element_type=\"column\" data-e-type=\"column\">\n\t\t\t<div class=\"elementor-widget-wrap elementor-element-populated\">\n\t\t\t\t\t\t<div class=\"elementor-element elementor-element-68a46a4 elementor-widget elementor-widget-image\" data-id=\"68a46a4\" data-element_type=\"widget\" data-e-type=\"widget\" data-widget_type=\"image.default\">\n\t\t\t\t<div class=\"elementor-widget-container\">\n\t\t\t\t\t\t\t\t\t\t\t\t\t\t\t<img fetchpriority=\"high\" decoding=\"async\" width=\"1920\" height=\"545\" src=\"https:\/\/cantinagorgo.com\/wp-content\/uploads\/2020\/11\/gorgo-azienda-agricola-famiglia-header-1920x545-1.jpg\" class=\"attachment-full size-full wp-image-5766\" alt=\"\" srcset=\"https:\/\/cantinagorgo.com\/wp-content\/uploads\/2020\/11\/gorgo-azienda-agricola-famiglia-header-1920x545-1.jpg 1920w, https:\/\/cantinagorgo.com\/wp-content\/uploads\/2020\/11\/gorgo-azienda-agricola-famiglia-header-1920x545-1-300x85.jpg 300w, https:\/\/cantinagorgo.com\/wp-content\/uploads\/2020\/11\/gorgo-azienda-agricola-famiglia-header-1920x545-1-1024x291.jpg 1024w, https:\/\/cantinagorgo.com\/wp-content\/uploads\/2020\/11\/gorgo-azienda-agricola-famiglia-header-1920x545-1-768x218.jpg 768w, https:\/\/cantinagorgo.com\/wp-content\/uploads\/2020\/11\/gorgo-azienda-agricola-famiglia-header-1920x545-1-1536x436.jpg 1536w, https:\/\/cantinagorgo.com\/wp-content\/uploads\/2020\/11\/gorgo-azienda-agricola-famiglia-header-1920x545-1-700x199.jpg 700w\" sizes=\"(max-width: 1920px) 100vw, 1920px\" \/>\t\t\t\t\t\t\t\t\t\t\t\t\t\t\t<\/div>\n\t\t\t\t<\/div>\n\t\t\t\t\t<\/div>\n\t\t<\/div>\n\t\t\t\t\t<\/div>\n\t\t<\/section>\n\t\t\t\t<section class=\"elementor-section elementor-top-section elementor-element elementor-element-94f8a3c qode_elementor_container_inner elementor-section-boxed elementor-section-height-default elementor-section-height-default parallax_section_no\" data-id=\"94f8a3c\" data-element_type=\"section\" data-e-type=\"section\">\n\t\t\t\t\t\t<div class=\"elementor-container elementor-column-gap-default\">\n\t\t\t\t\t<div class=\"elementor-column elementor-col-100 elementor-top-column elementor-element elementor-element-3a1c489\" data-id=\"3a1c489\" data-element_type=\"column\" data-e-type=\"column\">\n\t\t\t<div class=\"elementor-widget-wrap elementor-element-populated\">\n\t\t\t\t\t\t<div class=\"elementor-element elementor-element-3a08ad2 elementor-widget elementor-widget-text-editor\" data-id=\"3a08ad2\" data-element_type=\"widget\" data-e-type=\"widget\" data-widget_type=\"text-editor.default\">\n\t\t\t\t<div class=\"elementor-widget-container\">\n\t\t\t\t\t\t\t\t\t<h6>Unsere Geschichte<\/h6>\n\t\t\t\t\t\t\t\t<\/div>\n\t\t\t\t<\/div>\n\t\t\t\t<div class=\"elementor-element elementor-element-2d643b8 elementor-widget elementor-widget-text-editor\" data-id=\"2d643b8\" data-element_type=\"widget\" data-e-type=\"widget\" data-widget_type=\"text-editor.default\">\n\t\t\t\t<div class=\"elementor-widget-container\">\n\t\t\t\t\t\t\t\t\t<h2>Die Familie<\/h2>\n\t\t\t\t\t\t\t\t<\/div>\n\t\t\t\t<\/div>\n\t\t\t\t\t<\/div>\n\t\t<\/div>\n\t\t\t\t\t<\/div>\n\t\t<\/section>\n\t\t\t\t<section class=\"elementor-section elementor-top-section elementor-element elementor-element-c3c4b1a qode_elementor_container_inner elementor-section-boxed elementor-section-height-default elementor-section-height-default parallax_section_no\" data-id=\"c3c4b1a\" data-element_type=\"section\" data-e-type=\"section\">\n\t\t\t\t\t\t<div class=\"elementor-container elementor-column-gap-default\">\n\t\t\t\t\t<div class=\"elementor-column elementor-col-33 elementor-top-column elementor-element elementor-element-1260d5f\" data-id=\"1260d5f\" data-element_type=\"column\" data-e-type=\"column\">\n\t\t\t<div class=\"elementor-widget-wrap elementor-element-populated\">\n\t\t\t\t\t\t<div class=\"elementor-element elementor-element-c45b466 elementor-widget elementor-widget-image\" data-id=\"c45b466\" data-element_type=\"widget\" data-e-type=\"widget\" data-widget_type=\"image.default\">\n\t\t\t\t<div class=\"elementor-widget-container\">\n\t\t\t\t\t\t\t\t\t\t\t\t\t\t\t<img decoding=\"async\" width=\"600\" height=\"800\" src=\"https:\/\/cantinagorgo.com\/wp-content\/uploads\/2020\/06\/gorgo-cantina-roberta-03-800x600-1-1.jpg\" class=\"attachment-large size-large wp-image-5735\" alt=\"\" srcset=\"https:\/\/cantinagorgo.com\/wp-content\/uploads\/2020\/06\/gorgo-cantina-roberta-03-800x600-1-1.jpg 600w, https:\/\/cantinagorgo.com\/wp-content\/uploads\/2020\/06\/gorgo-cantina-roberta-03-800x600-1-1-225x300.jpg 225w\" sizes=\"(max-width: 600px) 100vw, 600px\" \/>\t\t\t\t\t\t\t\t\t\t\t\t\t\t\t<\/div>\n\t\t\t\t<\/div>\n\t\t\t\t\t<\/div>\n\t\t<\/div>\n\t\t\t\t<div class=\"elementor-column elementor-col-33 elementor-top-column elementor-element elementor-element-1f2c9a6\" data-id=\"1f2c9a6\" data-element_type=\"column\" data-e-type=\"column\">\n\t\t\t<div class=\"elementor-widget-wrap elementor-element-populated\">\n\t\t\t\t\t\t<div class=\"elementor-element elementor-element-62113ed elementor-widget elementor-widget-text-editor\" data-id=\"62113ed\" data-element_type=\"widget\" data-e-type=\"widget\" data-widget_type=\"text-editor.default\">\n\t\t\t\t<div class=\"elementor-widget-container\">\n\t\t\t\t\t\t\t\t\t<p>Heute steht Roberta Bricolo an der Spitze des Familienbetriebes, den ihre Eltern Alberta und Roberto im Jahr 1975 gr\u00fcndeten. Von Anfang an widmete sich die Cantina Gorgo in diesem herrlichen St\u00fcck Veneto zwischen Verona und Gardasee der Produktion klassischer Weine. Weine, die heute zu den Spitzenerzeugnissen der Region z\u00e4hlen.<\/p>\n\t\t\t\t\t\t\t\t<\/div>\n\t\t\t\t<\/div>\n\t\t\t\t<div class=\"elementor-element elementor-element-4c963d8 elementor-widget elementor-widget-text-editor\" data-id=\"4c963d8\" data-element_type=\"widget\" data-e-type=\"widget\" data-widget_type=\"text-editor.default\">\n\t\t\t\t<div class=\"elementor-widget-container\">\n\t\t\t\t\t\t\t\t\t<p>La cantina che rappresenta e\u2019una realt\u00e0 storica nel veronese ma il cammino percorso per arrivarci ci aiuta ad inquadrare le vite di persone abituate a prendere scelte coraggiose.<\/p>\n\t\t\t\t\t\t\t\t<\/div>\n\t\t\t\t<\/div>\n\t\t\t\t\t<\/div>\n\t\t<\/div>\n\t\t\t\t<div class=\"elementor-column elementor-col-33 elementor-top-column elementor-element elementor-element-3689a00\" data-id=\"3689a00\" data-element_type=\"column\" data-e-type=\"column\">\n\t\t\t<div class=\"elementor-widget-wrap elementor-element-populated\">\n\t\t\t\t\t\t<div class=\"elementor-element elementor-element-9e5bcc0 elementor-widget elementor-widget-image\" data-id=\"9e5bcc0\" data-element_type=\"widget\" data-e-type=\"widget\" data-widget_type=\"image.default\">\n\t\t\t\t<div class=\"elementor-widget-container\">\n\t\t\t\t\t\t\t\t\t\t\t\t\t\t\t<img decoding=\"async\" width=\"600\" height=\"900\" src=\"https:\/\/cantinagorgo.com\/wp-content\/uploads\/2020\/06\/gorgo-cantina-famiglia-02-900x600-1-1.jpg\" class=\"attachment-large size-large wp-image-5729\" alt=\"\" srcset=\"https:\/\/cantinagorgo.com\/wp-content\/uploads\/2020\/06\/gorgo-cantina-famiglia-02-900x600-1-1.jpg 600w, https:\/\/cantinagorgo.com\/wp-content\/uploads\/2020\/06\/gorgo-cantina-famiglia-02-900x600-1-1-200x300.jpg 200w\" sizes=\"(max-width: 600px) 100vw, 600px\" \/>\t\t\t\t\t\t\t\t\t\t\t\t\t\t\t<\/div>\n\t\t\t\t<\/div>\n\t\t\t\t\t<\/div>\n\t\t<\/div>\n\t\t\t\t\t<\/div>\n\t\t<\/section>\n\t\t\t\t<section class=\"elementor-section elementor-top-section elementor-element elementor-element-38835ca5 elementor-section-content-middle elementor-section-boxed elementor-section-height-default elementor-section-height-default parallax_section_no qode_elementor_container_no\" data-id=\"38835ca5\" data-element_type=\"section\" data-e-type=\"section\">\n\t\t\t\t\t\t<div class=\"elementor-container elementor-column-gap-no\">\n\t\t\t\t\t<div class=\"elementor-column elementor-col-50 elementor-top-column elementor-element elementor-element-59730a3e\" data-id=\"59730a3e\" data-element_type=\"column\" data-e-type=\"column\">\n\t\t\t<div class=\"elementor-widget-wrap elementor-element-populated\">\n\t\t\t\t\t\t<div class=\"elementor-element elementor-element-569ff6fe elementor-widget elementor-widget-image\" data-id=\"569ff6fe\" data-element_type=\"widget\" data-e-type=\"widget\" data-widget_type=\"image.default\">\n\t\t\t\t<div class=\"elementor-widget-container\">\n\t\t\t\t\t\t\t\t\t\t\t\t\t\t\t<img loading=\"lazy\" decoding=\"async\" width=\"800\" height=\"600\" src=\"https:\/\/cantinagorgo.com\/wp-content\/uploads\/2021\/01\/gorgo-azienda-agricola-famiglia-origini.jpg\" class=\"attachment-full size-full wp-image-5964\" alt=\"\" srcset=\"https:\/\/cantinagorgo.com\/wp-content\/uploads\/2021\/01\/gorgo-azienda-agricola-famiglia-origini.jpg 800w, https:\/\/cantinagorgo.com\/wp-content\/uploads\/2021\/01\/gorgo-azienda-agricola-famiglia-origini-300x225.jpg 300w, https:\/\/cantinagorgo.com\/wp-content\/uploads\/2021\/01\/gorgo-azienda-agricola-famiglia-origini-768x576.jpg 768w, https:\/\/cantinagorgo.com\/wp-content\/uploads\/2021\/01\/gorgo-azienda-agricola-famiglia-origini-700x525.jpg 700w\" sizes=\"(max-width: 800px) 100vw, 800px\" \/>\t\t\t\t\t\t\t\t\t\t\t\t\t\t\t<\/div>\n\t\t\t\t<\/div>\n\t\t\t\t\t<\/div>\n\t\t<\/div>\n\t\t\t\t<div class=\"elementor-column elementor-col-50 elementor-top-column elementor-element elementor-element-42b54be2\" data-id=\"42b54be2\" data-element_type=\"column\" data-e-type=\"column\">\n\t\t\t<div class=\"elementor-widget-wrap elementor-element-populated\">\n\t\t\t\t\t\t<div class=\"elementor-element elementor-element-57e4480b elementor-widget elementor-widget-text-editor\" data-id=\"57e4480b\" data-element_type=\"widget\" data-e-type=\"widget\" data-widget_type=\"text-editor.default\">\n\t\t\t\t<div class=\"elementor-widget-container\">\n\t\t\t\t\t\t\t\t\t<p>So hatten Robertas Eltern beschlossen, die jeweiligen Berufe komplett aufzugeben, um gemeinsam den Traum eines Weingutes zu verwirklichen. Mit Leib und Seele warfen sie sich in dieses Abenteuer mit ungewissem Ausgang.<\/p>\n\t\t\t\t\t\t\t\t<\/div>\n\t\t\t\t<\/div>\n\t\t\t\t<div class=\"elementor-element elementor-element-bfca2a9 elementor-widget elementor-widget-text-editor\" data-id=\"bfca2a9\" data-element_type=\"widget\" data-e-type=\"widget\" data-widget_type=\"text-editor.default\">\n\t\t\t\t<div class=\"elementor-widget-container\">\n\t\t\t\t\t\t\t\t\t<p>Roberto brachte Mut und Fantasie mit, Alberta steuerte Eleganz und Entschlossenheit bei. Schon ab den 1980-er Jahren \u00fcberzeugten die Weine der Cantina Gorgo. Zun\u00e4chst in der Gegend von Verona, sp\u00e4ter auch in gr\u00f6\u00dferem, internationalem Kontext. Gleichzeitig hatten die Bricolos fr\u00fcher als andere die Bedeutung des Prinzips \u201eErlebnis Weingut\u201c erkannt. Gro\u00dfz\u00fcgig und mit echtem Spa\u00df an der Sache hie\u00dfen sie Besucher willkommen, die das Weingut pers\u00f6nlich kennenlernen wollten, und freuten sich \u00fcber die neuen Bekanntschaften.<\/p>\n\t\t\t\t\t\t\t\t<\/div>\n\t\t\t\t<\/div>\n\t\t\t\t\t<\/div>\n\t\t<\/div>\n\t\t\t\t\t<\/div>\n\t\t<\/section>\n\t\t\t\t<section class=\"elementor-section elementor-top-section elementor-element elementor-element-283bca1 elementor-section-boxed elementor-section-height-default elementor-section-height-default parallax_section_no qode_elementor_container_no\" data-id=\"283bca1\" data-element_type=\"section\" data-e-type=\"section\">\n\t\t\t\t\t\t<div class=\"elementor-container elementor-column-gap-default\">\n\t\t\t\t\t<div class=\"elementor-column elementor-col-100 elementor-top-column elementor-element elementor-element-3b89384\" data-id=\"3b89384\" data-element_type=\"column\" data-e-type=\"column\">\n\t\t\t<div class=\"elementor-widget-wrap elementor-element-populated\">\n\t\t\t\t\t\t<div class=\"elementor-element elementor-element-de40222 elementor-widget elementor-widget-text-editor\" data-id=\"de40222\" data-element_type=\"widget\" data-e-type=\"widget\" data-widget_type=\"text-editor.default\">\n\t\t\t\t<div class=\"elementor-widget-container\">\n\t\t\t\t\t\t\t\t\t<p>Die von Abenteuergeist und Leidenschaft gepr\u00e4gte Geschichte ihrer Eltern hat auch Tochter Roberta in ihren wichtigen Lebensentscheidungen beeinflusst.<\/p>\n<p>Denn Roberta, die auf dem Land aufgewachsen war und in Verona das humanistische Gymnasium besucht hatte, war eigentlich schon auf dem besten Weg in eine erfolgreiche Anwaltskarriere. Allerdings tr\u00e4umte sie immer \u00f6fter von einem Leben als vigneronne. Bis sie irgendwann beschloss, die Kanzlei definitiv mit dem Weinkeller zu vertauschen. Robertas Leidenschaft f\u00fcr den Wein und alles, was damit zusammenh\u00e4ngt, ist tief und echt. Sie beeinflusst ihr ganzes Leben, ihren Stil, ihr ethisches Denken.<\/p>\n\t\t\t\t\t\t\t\t<\/div>\n\t\t\t\t<\/div>\n\t\t\t\t\t<\/div>\n\t\t<\/div>\n\t\t\t\t\t<\/div>\n\t\t<\/section>\n\t\t\t\t<section class=\"elementor-section elementor-top-section elementor-element elementor-element-6a31e526 elementor-section-content-middle elementor-section-full_width elementor-section-height-default elementor-section-height-default parallax_section_no qode_elementor_container_no\" data-id=\"6a31e526\" data-element_type=\"section\" data-e-type=\"section\" data-settings=\"{&quot;background_background&quot;:&quot;classic&quot;}\">\n\t\t\t\t\t\t<div class=\"elementor-container elementor-column-gap-no\">\n\t\t\t\t\t<div class=\"elementor-column elementor-col-100 elementor-top-column elementor-element elementor-element-3c9eccd8\" data-id=\"3c9eccd8\" data-element_type=\"column\" data-e-type=\"column\">\n\t\t\t<div class=\"elementor-widget-wrap elementor-element-populated\">\n\t\t\t\t\t\t<div class=\"elementor-element elementor-element-70dd6d0 elementor-widget elementor-widget-image\" data-id=\"70dd6d0\" data-element_type=\"widget\" data-e-type=\"widget\" data-widget_type=\"image.default\">\n\t\t\t\t<div class=\"elementor-widget-container\">\n\t\t\t\t\t\t\t\t\t\t\t\t\t\t\t<img loading=\"lazy\" decoding=\"async\" width=\"1920\" height=\"500\" src=\"https:\/\/cantinagorgo.com\/wp-content\/uploads\/2020\/11\/20200623-A7M3-2-713896.jpg\" class=\"attachment-full size-full wp-image-5768\" alt=\"\" srcset=\"https:\/\/cantinagorgo.com\/wp-content\/uploads\/2020\/11\/20200623-A7M3-2-713896.jpg 1920w, https:\/\/cantinagorgo.com\/wp-content\/uploads\/2020\/11\/20200623-A7M3-2-713896-300x78.jpg 300w, https:\/\/cantinagorgo.com\/wp-content\/uploads\/2020\/11\/20200623-A7M3-2-713896-1024x267.jpg 1024w, https:\/\/cantinagorgo.com\/wp-content\/uploads\/2020\/11\/20200623-A7M3-2-713896-768x200.jpg 768w, https:\/\/cantinagorgo.com\/wp-content\/uploads\/2020\/11\/20200623-A7M3-2-713896-1536x400.jpg 1536w, https:\/\/cantinagorgo.com\/wp-content\/uploads\/2020\/11\/20200623-A7M3-2-713896-700x182.jpg 700w\" sizes=\"(max-width: 1920px) 100vw, 1920px\" \/>\t\t\t\t\t\t\t\t\t\t\t\t\t\t\t<\/div>\n\t\t\t\t<\/div>\n\t\t\t\t\t<\/div>\n\t\t<\/div>\n\t\t\t\t\t<\/div>\n\t\t<\/section>\n\t\t\t\t<section class=\"elementor-section elementor-top-section elementor-element elementor-element-61211153 elementor-section-content-middle elementor-section-boxed elementor-section-height-default elementor-section-height-default parallax_section_no qode_elementor_container_no\" data-id=\"61211153\" data-element_type=\"section\" data-e-type=\"section\">\n\t\t\t\t\t\t<div class=\"elementor-container elementor-column-gap-no\">\n\t\t\t\t\t<div class=\"elementor-column elementor-col-33 elementor-top-column elementor-element elementor-element-7a4fd13a\" data-id=\"7a4fd13a\" data-element_type=\"column\" data-e-type=\"column\">\n\t\t\t<div class=\"elementor-widget-wrap elementor-element-populated\">\n\t\t\t\t\t\t<div class=\"elementor-element elementor-element-35ee72c6 elementor-view-default elementor-widget elementor-widget-icon\" data-id=\"35ee72c6\" data-element_type=\"widget\" data-e-type=\"widget\" data-widget_type=\"icon.default\">\n\t\t\t\t<div class=\"elementor-widget-container\">\n\t\t\t\t\t\t\t<div class=\"elementor-icon-wrapper\">\n\t\t\t<div class=\"elementor-icon\">\n\t\t\t<i aria-hidden=\"true\" class=\"fas fa-quote-left\"><\/i>\t\t\t<\/div>\n\t\t<\/div>\n\t\t\t\t\t\t<\/div>\n\t\t\t\t<\/div>\n\t\t\t\t<div class=\"elementor-element elementor-element-6bfd3ac5 elementor-widget elementor-widget-heading\" data-id=\"6bfd3ac5\" data-element_type=\"widget\" data-e-type=\"widget\" data-widget_type=\"heading.default\">\n\t\t\t\t<div class=\"elementor-widget-container\">\n\t\t\t\t\t<h5 class=\"elementor-heading-title elementor-size-default\">Zu bio gibt es keine alternative. Nur so k\u00f6nnen wir unsere vorstellung von weinbau umsetzen.<\/h5>\t\t\t\t<\/div>\n\t\t\t\t<\/div>\n\t\t\t\t<div class=\"elementor-element elementor-element-6a27efc8 elementor-widget-divider--view-line elementor-widget elementor-widget-divider\" data-id=\"6a27efc8\" data-element_type=\"widget\" data-e-type=\"widget\" data-widget_type=\"divider.default\">\n\t\t\t\t<div class=\"elementor-widget-container\">\n\t\t\t\t\t\t\t<div class=\"elementor-divider\">\n\t\t\t<span class=\"elementor-divider-separator\">\n\t\t\t\t\t\t<\/span>\n\t\t<\/div>\n\t\t\t\t\t\t<\/div>\n\t\t\t\t<\/div>\n\t\t\t\t\t<\/div>\n\t\t<\/div>\n\t\t\t\t<div class=\"elementor-column elementor-col-33 elementor-top-column elementor-element elementor-element-7f095196\" data-id=\"7f095196\" data-element_type=\"column\" data-e-type=\"column\">\n\t\t\t<div class=\"elementor-widget-wrap elementor-element-populated\">\n\t\t\t\t\t\t<div class=\"elementor-element elementor-element-6aa68960 elementor-widget elementor-widget-text-editor\" data-id=\"6aa68960\" data-element_type=\"widget\" data-e-type=\"widget\" data-widget_type=\"text-editor.default\">\n\t\t\t\t<div class=\"elementor-widget-container\">\n\t\t\t\t\t\t\t\t\t<p>Mit dieser klaren Vision \u00fcbernahm Roberta 2014 das Weingut von den Eltern und begann mit der Umstellung s\u00e4mtlicher Weinberge des Guts auf biologischen Anbau. Heute geh\u00f6ren zum Betrieb 53 Hektar Rebfl\u00e4che mit Bio-Siegel.<\/p>\n\t\t\t\t\t\t\t\t<\/div>\n\t\t\t\t<\/div>\n\t\t\t\t<div class=\"elementor-element elementor-element-42a582e3 elementor-widget elementor-widget-image\" data-id=\"42a582e3\" data-element_type=\"widget\" data-e-type=\"widget\" data-widget_type=\"image.default\">\n\t\t\t\t<div class=\"elementor-widget-container\">\n\t\t\t\t\t\t\t\t\t\t\t\t\t\t\t<img loading=\"lazy\" decoding=\"async\" width=\"450\" height=\"600\" src=\"https:\/\/cantinagorgo.com\/wp-content\/uploads\/2021\/01\/gorgo-azienda-agricola-famiglia-roberto.jpg\" class=\"elementor-animation-grow attachment-full size-full wp-image-5966\" alt=\"\" srcset=\"https:\/\/cantinagorgo.com\/wp-content\/uploads\/2021\/01\/gorgo-azienda-agricola-famiglia-roberto.jpg 450w, https:\/\/cantinagorgo.com\/wp-content\/uploads\/2021\/01\/gorgo-azienda-agricola-famiglia-roberto-225x300.jpg 225w\" sizes=\"(max-width: 450px) 100vw, 450px\" \/>\t\t\t\t\t\t\t\t\t\t\t\t\t\t\t<\/div>\n\t\t\t\t<\/div>\n\t\t\t\t\t<\/div>\n\t\t<\/div>\n\t\t\t\t<div class=\"elementor-column elementor-col-33 elementor-top-column elementor-element elementor-element-220073a4\" data-id=\"220073a4\" data-element_type=\"column\" data-e-type=\"column\">\n\t\t\t<div class=\"elementor-widget-wrap elementor-element-populated\">\n\t\t\t\t\t\t<div class=\"elementor-element elementor-element-72122003 elementor-widget elementor-widget-image\" data-id=\"72122003\" data-element_type=\"widget\" data-e-type=\"widget\" data-widget_type=\"image.default\">\n\t\t\t\t<div class=\"elementor-widget-container\">\n\t\t\t\t\t\t\t\t\t\t\t\t\t\t\t<img loading=\"lazy\" decoding=\"async\" width=\"900\" height=\"600\" src=\"https:\/\/cantinagorgo.com\/wp-content\/uploads\/2020\/10\/gorgo-cantina-famiglia-roberta.jpg\" class=\"elementor-animation-grow attachment-full size-full wp-image-5755\" alt=\"\" srcset=\"https:\/\/cantinagorgo.com\/wp-content\/uploads\/2020\/10\/gorgo-cantina-famiglia-roberta.jpg 900w, https:\/\/cantinagorgo.com\/wp-content\/uploads\/2020\/10\/gorgo-cantina-famiglia-roberta-300x200.jpg 300w, https:\/\/cantinagorgo.com\/wp-content\/uploads\/2020\/10\/gorgo-cantina-famiglia-roberta-768x512.jpg 768w, https:\/\/cantinagorgo.com\/wp-content\/uploads\/2020\/10\/gorgo-cantina-famiglia-roberta-700x467.jpg 700w\" sizes=\"(max-width: 900px) 100vw, 900px\" \/>\t\t\t\t\t\t\t\t\t\t\t\t\t\t\t<\/div>\n\t\t\t\t<\/div>\n\t\t\t\t<div class=\"elementor-element elementor-element-6a3bc743 elementor-widget elementor-widget-text-editor\" data-id=\"6a3bc743\" data-element_type=\"widget\" data-e-type=\"widget\" data-widget_type=\"text-editor.default\">\n\t\t\t\t<div class=\"elementor-widget-container\">\n\t\t\t\t\t\t\t\t\t<p>Die spezifischen Eigenheiten unseres Terroirs, die Pflege unserer Rebsorten und die biologische und damit in jeder Hinsicht bek\u00f6mmliche Behandlung der Trauben \u2013 das sind heute unsere \u00dcberzeugungen. Wir wollen Weine produzieren, die nicht nur ihrem Charakter treu sind, sondern zugleich auch mit frischem, eklektischem Appeal bestechen. Unterst\u00fctzt von seinen jungen, dynamischen Mitarbeitern hat sich das Weingut in der hart umk\u00e4mpften Veroneser Weinwelt Aufmerksamkeit und Anerkennung erarbeitet. Und kann mit Stolz auf Erzeugnisse verweisen, die sich durch besondere Finesse auszeichnen. <\/p>\n\t\t\t\t\t\t\t\t<\/div>\n\t\t\t\t<\/div>\n\t\t\t\t\t<\/div>\n\t\t<\/div>\n\t\t\t\t\t<\/div>\n\t\t<\/section>\n\t\t\t\t<\/div>\n\t\t","protected":false},"excerpt":{"rendered":"<p>Unsere Geschichte Die Familie Heute steht Roberta Bricolo an der Spitze des Familienbetriebes, den ihre Eltern Alberta und Roberto im Jahr 1975 gr\u00fcndeten. Von Anfang an widmete sich die Cantina Gorgo in diesem herrlichen St\u00fcck Veneto zwischen Verona und Gardasee der Produktion klassischer Weine. Weine,&#8230;<\/p>\n","protected":false},"author":2,"featured_media":0,"parent":0,"menu_order":0,"comment_status":"closed","ping_status":"closed","template":"elementor_header_footer","meta":{"footnotes":""},"class_list":["post-5079","page","type-page","status-publish","hentry"],"_links":{"self":[{"href":"https:\/\/cantinagorgo.com\/de\/wp-json\/wp\/v2\/pages\/5079","targetHints":{"allow":["GET"]}}],"collection":[{"href":"https:\/\/cantinagorgo.com\/de\/wp-json\/wp\/v2\/pages"}],"about":[{"href":"https:\/\/cantinagorgo.com\/de\/wp-json\/wp\/v2\/types\/page"}],"author":[{"embeddable":true,"href":"https:\/\/cantinagorgo.com\/de\/wp-json\/wp\/v2\/users\/2"}],"replies":[{"embeddable":true,"href":"https:\/\/cantinagorgo.com\/de\/wp-json\/wp\/v2\/comments?post=5079"}],"version-history":[{"count":1,"href":"https:\/\/cantinagorgo.com\/de\/wp-json\/wp\/v2\/pages\/5079\/revisions"}],"predecessor-version":[{"id":5080,"href":"https:\/\/cantinagorgo.com\/de\/wp-json\/wp\/v2\/pages\/5079\/revisions\/5080"}],"wp:attachment":[{"href":"https:\/\/cantinagorgo.com\/de\/wp-json\/wp\/v2\/media?parent=5079"}],"curies":[{"name":"wp","href":"https:\/\/api.w.org\/{rel}","templated":true}]}}