{"id":5081,"date":"2020-01-15T11:33:14","date_gmt":"2020-01-15T11:33:14","guid":{"rendered":"https:\/\/cantinagorgo.com\/philosophie\/"},"modified":"2021-03-22T14:26:19","modified_gmt":"2021-03-22T14:26:19","slug":"philosophie","status":"publish","type":"page","link":"https:\/\/cantinagorgo.com\/de\/philosophie\/","title":{"rendered":"Philosophie"},"content":{"rendered":"\t\t<div data-elementor-type=\"wp-page\" data-elementor-id=\"5081\" class=\"elementor elementor-5081 elementor-806\" data-elementor-post-type=\"page\">\n\t\t\t\t\t\t<section class=\"elementor-section elementor-top-section elementor-element elementor-element-d7b2368 elementor-section-full_width elementor-section-height-default elementor-section-height-default parallax_section_no qode_elementor_container_no\" data-id=\"d7b2368\" data-element_type=\"section\" data-e-type=\"section\">\n\t\t\t\t\t\t<div class=\"elementor-container elementor-column-gap-default\">\n\t\t\t\t\t<div class=\"elementor-column elementor-col-100 elementor-top-column elementor-element elementor-element-9b4a054\" data-id=\"9b4a054\" data-element_type=\"column\" data-e-type=\"column\">\n\t\t\t<div class=\"elementor-widget-wrap elementor-element-populated\">\n\t\t\t\t\t\t<div class=\"elementor-element elementor-element-68a46a4 elementor-widget elementor-widget-image\" data-id=\"68a46a4\" data-element_type=\"widget\" data-e-type=\"widget\" data-widget_type=\"image.default\">\n\t\t\t\t<div class=\"elementor-widget-container\">\n\t\t\t\t\t\t\t\t\t\t\t\t\t\t\t<img fetchpriority=\"high\" decoding=\"async\" width=\"1920\" height=\"545\" src=\"https:\/\/cantinagorgo.com\/wp-content\/uploads\/2020\/10\/cantina-gorgo-filosofia-header.jpg\" class=\"attachment-full size-full wp-image-5085\" alt=\"\" srcset=\"https:\/\/cantinagorgo.com\/wp-content\/uploads\/2020\/10\/cantina-gorgo-filosofia-header.jpg 1920w, https:\/\/cantinagorgo.com\/wp-content\/uploads\/2020\/10\/cantina-gorgo-filosofia-header-300x85.jpg 300w, https:\/\/cantinagorgo.com\/wp-content\/uploads\/2020\/10\/cantina-gorgo-filosofia-header-1024x291.jpg 1024w, https:\/\/cantinagorgo.com\/wp-content\/uploads\/2020\/10\/cantina-gorgo-filosofia-header-768x218.jpg 768w, https:\/\/cantinagorgo.com\/wp-content\/uploads\/2020\/10\/cantina-gorgo-filosofia-header-1536x436.jpg 1536w, https:\/\/cantinagorgo.com\/wp-content\/uploads\/2020\/10\/cantina-gorgo-filosofia-header-700x199.jpg 700w\" sizes=\"(max-width: 1920px) 100vw, 1920px\" \/>\t\t\t\t\t\t\t\t\t\t\t\t\t\t\t<\/div>\n\t\t\t\t<\/div>\n\t\t\t\t\t<\/div>\n\t\t<\/div>\n\t\t\t\t\t<\/div>\n\t\t<\/section>\n\t\t\t\t<section class=\"elementor-section elementor-top-section elementor-element elementor-element-4f40ff6c elementor-section-content-middle elementor-section-boxed elementor-section-height-default elementor-section-height-default parallax_section_no qode_elementor_container_no\" data-id=\"4f40ff6c\" data-element_type=\"section\" data-e-type=\"section\">\n\t\t\t\t\t\t<div class=\"elementor-container elementor-column-gap-no\">\n\t\t\t\t\t<div class=\"elementor-column elementor-col-33 elementor-top-column elementor-element elementor-element-fd57be8\" data-id=\"fd57be8\" data-element_type=\"column\" data-e-type=\"column\">\n\t\t\t<div class=\"elementor-widget-wrap elementor-element-populated\">\n\t\t\t\t\t\t<div class=\"elementor-element elementor-element-6f7d52da elementor-widget elementor-widget-text-editor\" data-id=\"6f7d52da\" data-element_type=\"widget\" data-e-type=\"widget\" data-widget_type=\"text-editor.default\">\n\t\t\t\t<div class=\"elementor-widget-container\">\n\t\t\t\t\t\t\t\t\t<p>Die natur liegt uns am herzen<\/p>\n\t\t\t\t\t\t\t\t<\/div>\n\t\t\t\t<\/div>\n\t\t\t\t<div class=\"elementor-element elementor-element-ff16701 elementor-widget elementor-widget-heading\" data-id=\"ff16701\" data-element_type=\"widget\" data-e-type=\"widget\" data-widget_type=\"heading.default\">\n\t\t\t\t<div class=\"elementor-widget-container\">\n\t\t\t\t\t<h4 class=\"elementor-heading-title elementor-size-default\">unsere philosophie<\/h4>\t\t\t\t<\/div>\n\t\t\t\t<\/div>\n\t\t\t\t<div class=\"elementor-element elementor-element-52464a3c elementor-widget-divider--view-line elementor-widget elementor-widget-divider\" data-id=\"52464a3c\" data-element_type=\"widget\" data-e-type=\"widget\" data-widget_type=\"divider.default\">\n\t\t\t\t<div class=\"elementor-widget-container\">\n\t\t\t\t\t\t\t<div class=\"elementor-divider\">\n\t\t\t<span class=\"elementor-divider-separator\">\n\t\t\t\t\t\t<\/span>\n\t\t<\/div>\n\t\t\t\t\t\t<\/div>\n\t\t\t\t<\/div>\n\t\t\t\t\t<\/div>\n\t\t<\/div>\n\t\t\t\t<div class=\"elementor-column elementor-col-33 elementor-top-column elementor-element elementor-element-46eaf2a3\" data-id=\"46eaf2a3\" data-element_type=\"column\" data-e-type=\"column\">\n\t\t\t<div class=\"elementor-widget-wrap elementor-element-populated\">\n\t\t\t\t\t\t<div class=\"elementor-element elementor-element-4930366e elementor-widget elementor-widget-text-editor\" data-id=\"4930366e\" data-element_type=\"widget\" data-e-type=\"widget\" data-widget_type=\"text-editor.default\">\n\t\t\t\t<div class=\"elementor-widget-container\">\n\t\t\t\t\t\t\t\t\t<p>Wir haben uns f\u00fcr biologischen Anbau entschieden, weil wir darin ein <span style=\"text-decoration: underline;\">modell f\u00fcr nachhaltige Entwicklung sehen<\/span>, das auf der Bewahrung und Wertsch\u00e4tzung der nat\u00fcrlichen Ressourcen basiert und auf dem Schutz von Umwelt und Gesundheit.<\/p>\n\t\t\t\t\t\t\t\t<\/div>\n\t\t\t\t<\/div>\n\t\t\t\t<div class=\"elementor-element elementor-element-3e89e50e elementor-widget elementor-widget-image\" data-id=\"3e89e50e\" data-element_type=\"widget\" data-e-type=\"widget\" data-widget_type=\"image.default\">\n\t\t\t\t<div class=\"elementor-widget-container\">\n\t\t\t\t\t\t\t\t\t\t\t\t\t\t\t<img decoding=\"async\" width=\"375\" height=\"500\" src=\"https:\/\/cantinagorgo.com\/wp-content\/uploads\/2020\/11\/gorgo-azienda-agricola-cantina-filosofia-vigneto-500x375q50.jpg\" class=\"elementor-animation-grow attachment-full size-full wp-image-5087\" alt=\"\" srcset=\"https:\/\/cantinagorgo.com\/wp-content\/uploads\/2020\/11\/gorgo-azienda-agricola-cantina-filosofia-vigneto-500x375q50.jpg 375w, https:\/\/cantinagorgo.com\/wp-content\/uploads\/2020\/11\/gorgo-azienda-agricola-cantina-filosofia-vigneto-500x375q50-225x300.jpg 225w\" sizes=\"(max-width: 375px) 100vw, 375px\" \/>\t\t\t\t\t\t\t\t\t\t\t\t\t\t\t<\/div>\n\t\t\t\t<\/div>\n\t\t\t\t\t<\/div>\n\t\t<\/div>\n\t\t\t\t<div class=\"elementor-column elementor-col-33 elementor-top-column elementor-element elementor-element-5d3eda9b\" data-id=\"5d3eda9b\" data-element_type=\"column\" data-e-type=\"column\">\n\t\t\t<div class=\"elementor-widget-wrap elementor-element-populated\">\n\t\t\t\t\t\t<div class=\"elementor-element elementor-element-3a9284ed elementor-widget elementor-widget-image\" data-id=\"3a9284ed\" data-element_type=\"widget\" data-e-type=\"widget\" data-widget_type=\"image.default\">\n\t\t\t\t<div class=\"elementor-widget-container\">\n\t\t\t\t\t\t\t\t\t\t\t\t\t\t\t<img decoding=\"async\" width=\"500\" height=\"500\" src=\"https:\/\/cantinagorgo.com\/wp-content\/uploads\/2020\/11\/gorgo-azienda-agricola-cantina-filosofia-uva-500x500q50.jpg\" class=\"elementor-animation-grow attachment-full size-full wp-image-5091\" alt=\"\" srcset=\"https:\/\/cantinagorgo.com\/wp-content\/uploads\/2020\/11\/gorgo-azienda-agricola-cantina-filosofia-uva-500x500q50.jpg 500w, https:\/\/cantinagorgo.com\/wp-content\/uploads\/2020\/11\/gorgo-azienda-agricola-cantina-filosofia-uva-500x500q50-300x300.jpg 300w, https:\/\/cantinagorgo.com\/wp-content\/uploads\/2020\/11\/gorgo-azienda-agricola-cantina-filosofia-uva-500x500q50-150x150.jpg 150w\" sizes=\"(max-width: 500px) 100vw, 500px\" \/>\t\t\t\t\t\t\t\t\t\t\t\t\t\t\t<\/div>\n\t\t\t\t<\/div>\n\t\t\t\t<div class=\"elementor-element elementor-element-ac453c6 elementor-widget elementor-widget-text-editor\" data-id=\"ac453c6\" data-element_type=\"widget\" data-e-type=\"widget\" data-widget_type=\"text-editor.default\">\n\t\t\t\t<div class=\"elementor-widget-container\">\n\t\t\t\t\t\t\t\t\t<p><span style=\"background-color: #ffffff;\">Wir erkennen uns in dieser Anbaumethode wieder, weil sie eine Form von Weinbau darstellt, bei der wir den Wein von Anfang an, n\u00e4mlich schon im Weinberg, gestalten k\u00f6nnen. Wir glauben fest an die M\u00f6glichkeiten eines Weinbergs <span style=\"text-decoration: underline;\">ohne Chemie<\/span>, der sich in Harmonie mit seiner Umgebung befindet. Auf degenerierte Produktionsmethoden wie chemische D\u00fcngung oder den Einsatz von Pestiziden wollen wir verzichten, weil sie zwar den Ertrag an Trauben erh\u00f6hen, dabei jedoch die Qualit\u00e4t reduzieren und das kostbare Gleichgewicht zwischen Boden, Pflanze und Klima beeintr\u00e4chtigen.<\/span><\/p>\n\t\t\t\t\t\t\t\t<\/div>\n\t\t\t\t<\/div>\n\t\t\t\t\t<\/div>\n\t\t<\/div>\n\t\t\t\t\t<\/div>\n\t\t<\/section>\n\t\t\t\t<section class=\"elementor-section elementor-top-section elementor-element elementor-element-56d1f3ca elementor-section-content-middle elementor-section-boxed elementor-section-height-default elementor-section-height-default parallax_section_no qode_elementor_container_no\" data-id=\"56d1f3ca\" data-element_type=\"section\" data-e-type=\"section\">\n\t\t\t\t\t\t<div class=\"elementor-container elementor-column-gap-no\">\n\t\t\t\t\t<div class=\"elementor-column elementor-col-33 elementor-top-column elementor-element elementor-element-44042a4e\" data-id=\"44042a4e\" data-element_type=\"column\" data-e-type=\"column\">\n\t\t\t<div class=\"elementor-widget-wrap elementor-element-populated\">\n\t\t\t\t\t\t<div class=\"elementor-element elementor-element-5a76073a elementor-widget elementor-widget-image\" data-id=\"5a76073a\" data-element_type=\"widget\" data-e-type=\"widget\" data-widget_type=\"image.default\">\n\t\t\t\t<div class=\"elementor-widget-container\">\n\t\t\t\t\t\t\t\t\t\t\t\t\t\t\t<img loading=\"lazy\" decoding=\"async\" width=\"400\" height=\"600\" src=\"https:\/\/cantinagorgo.com\/wp-content\/uploads\/2020\/11\/gorgo-azienda-agricola-cantina-filosofia-1-600x400-q50.jpg\" class=\"elementor-animation-grow attachment-full size-full wp-image-5090\" alt=\"\" srcset=\"https:\/\/cantinagorgo.com\/wp-content\/uploads\/2020\/11\/gorgo-azienda-agricola-cantina-filosofia-1-600x400-q50.jpg 400w, https:\/\/cantinagorgo.com\/wp-content\/uploads\/2020\/11\/gorgo-azienda-agricola-cantina-filosofia-1-600x400-q50-200x300.jpg 200w\" sizes=\"(max-width: 400px) 100vw, 400px\" \/>\t\t\t\t\t\t\t\t\t\t\t\t\t\t\t<\/div>\n\t\t\t\t<\/div>\n\t\t\t\t\t<\/div>\n\t\t<\/div>\n\t\t\t\t<div class=\"elementor-column elementor-col-33 elementor-top-column elementor-element elementor-element-69107de2\" data-id=\"69107de2\" data-element_type=\"column\" data-e-type=\"column\">\n\t\t\t<div class=\"elementor-widget-wrap elementor-element-populated\">\n\t\t\t\t\t\t<div class=\"elementor-element elementor-element-4bd8e84d elementor-widget elementor-widget-text-editor\" data-id=\"4bd8e84d\" data-element_type=\"widget\" data-e-type=\"widget\" data-widget_type=\"text-editor.default\">\n\t\t\t\t<div class=\"elementor-widget-container\">\n\t\t\t\t\t\t\t\t\t<p>Das Bio-Siegel, das unsere Weine tragen, ist f\u00fcr Konsumenten eine echte Garantie. In ihm dr\u00fcckt sich unser ganzer Einsatz f\u00fcr die Herstellung von Weinen aus, die unter steter Kontrolle stehen und die zur Bewahrung von Gesundheit und Umwelt sowie zu einer nachhaltigen Entwicklung beitragen.<\/p>\n\t\t\t\t\t\t\t\t<\/div>\n\t\t\t\t<\/div>\n\t\t\t\t<div class=\"elementor-element elementor-element-468598c3 elementor-widget elementor-widget-image\" data-id=\"468598c3\" data-element_type=\"widget\" data-e-type=\"widget\" data-widget_type=\"image.default\">\n\t\t\t\t<div class=\"elementor-widget-container\">\n\t\t\t\t\t\t\t\t\t\t\t\t\t\t\t<img loading=\"lazy\" decoding=\"async\" width=\"375\" height=\"500\" src=\"https:\/\/cantinagorgo.com\/wp-content\/uploads\/2020\/11\/gorgo-azienda-agricola-cantina-filosofia-2-500x375q50.jpg\" class=\"elementor-animation-grow attachment-large size-large wp-image-5088\" alt=\"\" srcset=\"https:\/\/cantinagorgo.com\/wp-content\/uploads\/2020\/11\/gorgo-azienda-agricola-cantina-filosofia-2-500x375q50.jpg 375w, https:\/\/cantinagorgo.com\/wp-content\/uploads\/2020\/11\/gorgo-azienda-agricola-cantina-filosofia-2-500x375q50-225x300.jpg 225w\" sizes=\"(max-width: 375px) 100vw, 375px\" \/>\t\t\t\t\t\t\t\t\t\t\t\t\t\t\t<\/div>\n\t\t\t\t<\/div>\n\t\t\t\t\t<\/div>\n\t\t<\/div>\n\t\t\t\t<div class=\"elementor-column elementor-col-33 elementor-top-column elementor-element elementor-element-20dd0148\" data-id=\"20dd0148\" data-element_type=\"column\" data-e-type=\"column\">\n\t\t\t<div class=\"elementor-widget-wrap elementor-element-populated\">\n\t\t\t\t\t\t<div class=\"elementor-element elementor-element-2935fec7 elementor-widget elementor-widget-image\" data-id=\"2935fec7\" data-element_type=\"widget\" data-e-type=\"widget\" data-widget_type=\"image.default\">\n\t\t\t\t<div class=\"elementor-widget-container\">\n\t\t\t\t\t\t\t\t\t\t\t\t\t\t\t<img loading=\"lazy\" decoding=\"async\" width=\"401\" height=\"500\" src=\"https:\/\/cantinagorgo.com\/wp-content\/uploads\/2020\/11\/gorgo-azienda-agricola-cantina-filosofia-3-500x401q50.jpg\" class=\"elementor-animation-grow attachment-full size-full wp-image-5089\" alt=\"\" srcset=\"https:\/\/cantinagorgo.com\/wp-content\/uploads\/2020\/11\/gorgo-azienda-agricola-cantina-filosofia-3-500x401q50.jpg 401w, https:\/\/cantinagorgo.com\/wp-content\/uploads\/2020\/11\/gorgo-azienda-agricola-cantina-filosofia-3-500x401q50-241x300.jpg 241w\" sizes=\"(max-width: 401px) 100vw, 401px\" \/>\t\t\t\t\t\t\t\t\t\t\t\t\t\t\t<\/div>\n\t\t\t\t<\/div>\n\t\t\t\t\t<\/div>\n\t\t<\/div>\n\t\t\t\t\t<\/div>\n\t\t<\/section>\n\t\t\t\t<\/div>\n\t\t","protected":false},"excerpt":{"rendered":"<p>Die natur liegt uns am herzen unsere philosophie Wir haben uns f\u00fcr biologischen Anbau entschieden, weil wir darin ein modell f\u00fcr nachhaltige Entwicklung sehen, das auf der Bewahrung und Wertsch\u00e4tzung der nat\u00fcrlichen Ressourcen basiert und auf dem Schutz von Umwelt und Gesundheit. Wir erkennen uns&#8230;<\/p>\n","protected":false},"author":2,"featured_media":0,"parent":0,"menu_order":0,"comment_status":"closed","ping_status":"closed","template":"elementor_header_footer","meta":{"footnotes":""},"class_list":["post-5081","page","type-page","status-publish","hentry"],"_links":{"self":[{"href":"https:\/\/cantinagorgo.com\/de\/wp-json\/wp\/v2\/pages\/5081","targetHints":{"allow":["GET"]}}],"collection":[{"href":"https:\/\/cantinagorgo.com\/de\/wp-json\/wp\/v2\/pages"}],"about":[{"href":"https:\/\/cantinagorgo.com\/de\/wp-json\/wp\/v2\/types\/page"}],"author":[{"embeddable":true,"href":"https:\/\/cantinagorgo.com\/de\/wp-json\/wp\/v2\/users\/2"}],"replies":[{"embeddable":true,"href":"https:\/\/cantinagorgo.com\/de\/wp-json\/wp\/v2\/comments?post=5081"}],"version-history":[{"count":1,"href":"https:\/\/cantinagorgo.com\/de\/wp-json\/wp\/v2\/pages\/5081\/revisions"}],"predecessor-version":[{"id":5092,"href":"https:\/\/cantinagorgo.com\/de\/wp-json\/wp\/v2\/pages\/5081\/revisions\/5092"}],"wp:attachment":[{"href":"https:\/\/cantinagorgo.com\/de\/wp-json\/wp\/v2\/media?parent=5081"}],"curies":[{"name":"wp","href":"https:\/\/api.w.org\/{rel}","templated":true}]}}