{"id":5093,"date":"2020-01-15T12:02:19","date_gmt":"2020-01-15T11:02:19","guid":{"rendered":"https:\/\/cantinagorgo.com\/weinkeller\/"},"modified":"2024-03-04T14:18:13","modified_gmt":"2024-03-04T13:18:13","slug":"weinkeller","status":"publish","type":"page","link":"https:\/\/cantinagorgo.com\/de\/weinkeller\/","title":{"rendered":"Weinkeller"},"content":{"rendered":"\t\t<div data-elementor-type=\"wp-page\" data-elementor-id=\"5093\" class=\"elementor elementor-5093 elementor-822\" data-elementor-post-type=\"page\">\n\t\t\t\t\t\t<section class=\"elementor-section elementor-top-section elementor-element elementor-element-10328a6 elementor-section-full_width elementor-section-height-default elementor-section-height-default parallax_section_no qode_elementor_container_no\" data-id=\"10328a6\" data-element_type=\"section\" data-e-type=\"section\">\n\t\t\t\t\t\t<div class=\"elementor-container elementor-column-gap-default\">\n\t\t\t\t\t<div class=\"elementor-column elementor-col-100 elementor-top-column elementor-element elementor-element-e04bb9b\" data-id=\"e04bb9b\" data-element_type=\"column\" data-e-type=\"column\">\n\t\t\t<div class=\"elementor-widget-wrap elementor-element-populated\">\n\t\t\t\t\t\t<div class=\"elementor-element elementor-element-135563c elementor-widget elementor-widget-image\" data-id=\"135563c\" data-element_type=\"widget\" data-e-type=\"widget\" data-widget_type=\"image.default\">\n\t\t\t\t<div class=\"elementor-widget-container\">\n\t\t\t\t\t\t\t\t\t\t\t\t\t\t\t<img fetchpriority=\"high\" decoding=\"async\" width=\"1920\" height=\"545\" src=\"https:\/\/cantinagorgo.com\/wp-content\/uploads\/2020\/11\/gorgo-azienda-agricola-header-corte-1920x545-1.jpg\" class=\"attachment-full size-full wp-image-5804\" alt=\"\" srcset=\"https:\/\/cantinagorgo.com\/wp-content\/uploads\/2020\/11\/gorgo-azienda-agricola-header-corte-1920x545-1.jpg 1920w, https:\/\/cantinagorgo.com\/wp-content\/uploads\/2020\/11\/gorgo-azienda-agricola-header-corte-1920x545-1-300x85.jpg 300w, https:\/\/cantinagorgo.com\/wp-content\/uploads\/2020\/11\/gorgo-azienda-agricola-header-corte-1920x545-1-1024x291.jpg 1024w, https:\/\/cantinagorgo.com\/wp-content\/uploads\/2020\/11\/gorgo-azienda-agricola-header-corte-1920x545-1-768x218.jpg 768w, https:\/\/cantinagorgo.com\/wp-content\/uploads\/2020\/11\/gorgo-azienda-agricola-header-corte-1920x545-1-1536x436.jpg 1536w, https:\/\/cantinagorgo.com\/wp-content\/uploads\/2020\/11\/gorgo-azienda-agricola-header-corte-1920x545-1-700x199.jpg 700w\" sizes=\"(max-width: 1920px) 100vw, 1920px\" \/>\t\t\t\t\t\t\t\t\t\t\t\t\t\t\t<\/div>\n\t\t\t\t<\/div>\n\t\t\t\t\t<\/div>\n\t\t<\/div>\n\t\t\t\t\t<\/div>\n\t\t<\/section>\n\t\t\t\t<section class=\"elementor-section elementor-top-section elementor-element elementor-element-321735c elementor-section-boxed elementor-section-height-default elementor-section-height-default parallax_section_no qode_elementor_container_no\" data-id=\"321735c\" data-element_type=\"section\" data-e-type=\"section\">\n\t\t\t\t\t\t<div class=\"elementor-container elementor-column-gap-default\">\n\t\t\t\t\t<div class=\"elementor-column elementor-col-100 elementor-top-column elementor-element elementor-element-a895f17\" data-id=\"a895f17\" data-element_type=\"column\" data-e-type=\"column\">\n\t\t\t<div class=\"elementor-widget-wrap elementor-element-populated\">\n\t\t\t\t\t\t<div class=\"elementor-element elementor-element-4cc89eb elementor-widget elementor-widget-heading\" data-id=\"4cc89eb\" data-element_type=\"widget\" data-e-type=\"widget\" data-widget_type=\"heading.default\">\n\t\t\t\t<div class=\"elementor-widget-container\">\n\t\t\t\t\t<h4 class=\"elementor-heading-title elementor-size-default\">Das Landgut<\/h4>\t\t\t\t<\/div>\n\t\t\t\t<\/div>\n\t\t\t\t<section class=\"elementor-section elementor-inner-section elementor-element elementor-element-7873ba7 elementor-section-boxed elementor-section-height-default elementor-section-height-default parallax_section_no qode_elementor_container_no\" data-id=\"7873ba7\" data-element_type=\"section\" data-e-type=\"section\">\n\t\t\t\t\t\t<div class=\"elementor-container elementor-column-gap-default\">\n\t\t\t\t\t<div class=\"elementor-column elementor-col-50 elementor-inner-column elementor-element elementor-element-5447b1d\" data-id=\"5447b1d\" data-element_type=\"column\" data-e-type=\"column\">\n\t\t\t<div class=\"elementor-widget-wrap elementor-element-populated\">\n\t\t\t\t\t\t<div class=\"elementor-element elementor-element-15379f6 elementor-widget elementor-widget-image\" data-id=\"15379f6\" data-element_type=\"widget\" data-e-type=\"widget\" data-widget_type=\"image.default\">\n\t\t\t\t<div class=\"elementor-widget-container\">\n\t\t\t\t\t\t\t\t\t\t\t\t\t\t\t<img decoding=\"async\" width=\"800\" height=\"450\" src=\"https:\/\/cantinagorgo.com\/wp-content\/uploads\/2020\/10\/gorgo-azienda-agricola-cantina-800x450-1.jpg\" class=\"attachment-large size-large wp-image-5764\" alt=\"\" srcset=\"https:\/\/cantinagorgo.com\/wp-content\/uploads\/2020\/10\/gorgo-azienda-agricola-cantina-800x450-1.jpg 800w, https:\/\/cantinagorgo.com\/wp-content\/uploads\/2020\/10\/gorgo-azienda-agricola-cantina-800x450-1-300x169.jpg 300w, https:\/\/cantinagorgo.com\/wp-content\/uploads\/2020\/10\/gorgo-azienda-agricola-cantina-800x450-1-768x432.jpg 768w, https:\/\/cantinagorgo.com\/wp-content\/uploads\/2020\/10\/gorgo-azienda-agricola-cantina-800x450-1-700x394.jpg 700w, https:\/\/cantinagorgo.com\/wp-content\/uploads\/2020\/10\/gorgo-azienda-agricola-cantina-800x450-1-539x303.jpg 539w\" sizes=\"(max-width: 800px) 100vw, 800px\" \/>\t\t\t\t\t\t\t\t\t\t\t\t\t\t\t<\/div>\n\t\t\t\t<\/div>\n\t\t\t\t\t<\/div>\n\t\t<\/div>\n\t\t\t\t<div class=\"elementor-column elementor-col-50 elementor-inner-column elementor-element elementor-element-f0c543b\" data-id=\"f0c543b\" data-element_type=\"column\" data-e-type=\"column\">\n\t\t\t<div class=\"elementor-widget-wrap elementor-element-populated\">\n\t\t\t\t\t\t<div class=\"elementor-element elementor-element-0dad58f elementor-widget elementor-widget-text-editor\" data-id=\"0dad58f\" data-element_type=\"widget\" data-e-type=\"widget\" data-widget_type=\"text-editor.default\">\n\t\t\t\t<div class=\"elementor-widget-container\">\n\t\t\t\t\t\t\t\t\t<p>Mit seiner 50-j\u00e4hrigen Geschichte geh\u00f6rt unser Weingut bereits zu den historischen Kellereien in der Gegend von Verona. Seine Weinberge erstrecken sich \u00fcber 53 Hektar Mor\u00e4nenh\u00fcgelland rund um das Dorf Custoza. Unsere Weine, die wir aus bio-zertifizierten Trauben herstellen, geh\u00f6ren zu den Spitzenerzeugnissen dieses Gebiets.<\/p>\n\t\t\t\t\t\t\t\t<\/div>\n\t\t\t\t<\/div>\n\t\t\t\t\t<\/div>\n\t\t<\/div>\n\t\t\t\t\t<\/div>\n\t\t<\/section>\n\t\t\t\t\t<\/div>\n\t\t<\/div>\n\t\t\t\t\t<\/div>\n\t\t<\/section>\n\t\t\t\t<section class=\"elementor-section elementor-top-section elementor-element elementor-element-71a852f elementor-section-boxed elementor-section-height-default elementor-section-height-default parallax_section_no qode_elementor_container_no\" data-id=\"71a852f\" data-element_type=\"section\" data-e-type=\"section\">\n\t\t\t\t\t\t<div class=\"elementor-container elementor-column-gap-default\">\n\t\t\t\t\t<div class=\"elementor-column elementor-col-100 elementor-top-column elementor-element elementor-element-9b1852d\" data-id=\"9b1852d\" data-element_type=\"column\" data-e-type=\"column\">\n\t\t\t<div class=\"elementor-widget-wrap elementor-element-populated\">\n\t\t\t\t\t\t<div class=\"elementor-element elementor-element-64c770e3 elementor-widget elementor-widget-text-editor\" data-id=\"64c770e3\" data-element_type=\"widget\" data-e-type=\"widget\" data-widget_type=\"text-editor.default\">\n\t\t\t\t<div class=\"elementor-widget-container\">\n\t\t\t\t\t\t\t\t\t<p>Der Weinkeller wird von uns pers\u00f6nlich gef\u00fchrt, wobei wir kontinuierlich von unseren Profi-\u00d6nologen beraten werden. Unser Ziel ist die Produktion authentischer Weine mit einem stabilen Gleichgewicht zwischen den sich \u00e4ndernden Trinkmoden und unserer reichhaltigen, langen Tradition.<\/p>\n<p>\u00a0<\/p>\n<p>Mit demselben Spirit und Stil haben wir in den Jahren 2005 und 2015 unseren Weinkeller und die Besucherbereiche einer gr\u00fcndlichen Renovierung und Erweiterung unterzogen: Die neue Architektur steht symbolisch f\u00fcr die Entwicklung, die unser Weingut in Sachen Qualit\u00e4t und Charakter genommen hat.<\/p>\n\t\t\t\t\t\t\t\t<\/div>\n\t\t\t\t<\/div>\n\t\t\t\t<section class=\"elementor-section elementor-inner-section elementor-element elementor-element-16f41fcf elementor-section-height-min-height elementor-section-content-bottom elementor-section-boxed elementor-section-height-default parallax_section_no qode_elementor_container_no\" data-id=\"16f41fcf\" data-element_type=\"section\" data-e-type=\"section\">\n\t\t\t\t\t\t<div class=\"elementor-container elementor-column-gap-wider\">\n\t\t\t\t\t<div class=\"elementor-column elementor-col-33 elementor-inner-column elementor-element elementor-element-28073c90\" data-id=\"28073c90\" data-element_type=\"column\" data-e-type=\"column\" data-settings=\"{&quot;background_background&quot;:&quot;classic&quot;}\">\n\t\t\t<div class=\"elementor-widget-wrap elementor-element-populated\">\n\t\t\t\t\t\t<div class=\"elementor-element elementor-element-4496cb60 elementor-widget elementor-widget-heading\" data-id=\"4496cb60\" data-element_type=\"widget\" data-e-type=\"widget\" data-widget_type=\"heading.default\">\n\t\t\t\t<div class=\"elementor-widget-container\">\n\t\t\t\t\t<h3 class=\"elementor-heading-title elementor-size-large\">WINE SHOP<\/h3>\t\t\t\t<\/div>\n\t\t\t\t<\/div>\n\t\t\t\t\t<\/div>\n\t\t<\/div>\n\t\t\t\t<div class=\"elementor-column elementor-col-33 elementor-inner-column elementor-element elementor-element-7e1fd999\" data-id=\"7e1fd999\" data-element_type=\"column\" data-e-type=\"column\" data-settings=\"{&quot;background_background&quot;:&quot;classic&quot;}\">\n\t\t\t<div class=\"elementor-widget-wrap elementor-element-populated\">\n\t\t\t\t\t\t<div class=\"elementor-element elementor-element-1354eacc elementor-widget elementor-widget-heading\" data-id=\"1354eacc\" data-element_type=\"widget\" data-e-type=\"widget\" data-widget_type=\"heading.default\">\n\t\t\t\t<div class=\"elementor-widget-container\">\n\t\t\t\t\t<h3 class=\"elementor-heading-title elementor-size-large\">GARDEN<\/h3>\t\t\t\t<\/div>\n\t\t\t\t<\/div>\n\t\t\t\t\t<\/div>\n\t\t<\/div>\n\t\t\t\t<div class=\"elementor-column elementor-col-33 elementor-inner-column elementor-element elementor-element-78cf3c7\" data-id=\"78cf3c7\" data-element_type=\"column\" data-e-type=\"column\" data-settings=\"{&quot;background_background&quot;:&quot;classic&quot;}\">\n\t\t\t<div class=\"elementor-widget-wrap elementor-element-populated\">\n\t\t\t\t\t\t<div class=\"elementor-element elementor-element-b21c78e elementor-widget elementor-widget-heading\" data-id=\"b21c78e\" data-element_type=\"widget\" data-e-type=\"widget\" data-widget_type=\"heading.default\">\n\t\t\t\t<div class=\"elementor-widget-container\">\n\t\t\t\t\t<h3 class=\"elementor-heading-title elementor-size-large\">BARRIQUE<\/h3>\t\t\t\t<\/div>\n\t\t\t\t<\/div>\n\t\t\t\t\t<\/div>\n\t\t<\/div>\n\t\t\t\t\t<\/div>\n\t\t<\/section>\n\t\t\t\t\t<\/div>\n\t\t<\/div>\n\t\t\t\t\t<\/div>\n\t\t<\/section>\n\t\t\t\t<section class=\"elementor-section elementor-top-section elementor-element elementor-element-f5a1323 elementor-section-content-middle elementor-section-boxed elementor-section-height-default elementor-section-height-default parallax_section_no qode_elementor_container_no\" data-id=\"f5a1323\" data-element_type=\"section\" data-e-type=\"section\" data-settings=\"{&quot;background_background&quot;:&quot;classic&quot;}\">\n\t\t\t\t\t\t<div class=\"elementor-container elementor-column-gap-no\">\n\t\t\t\t\t<div class=\"elementor-column elementor-col-50 elementor-top-column elementor-element elementor-element-2aca4bc3\" data-id=\"2aca4bc3\" data-element_type=\"column\" data-e-type=\"column\" data-settings=\"{&quot;background_background&quot;:&quot;classic&quot;}\">\n\t\t\t<div class=\"elementor-widget-wrap elementor-element-populated\">\n\t\t\t\t\t\t<section class=\"elementor-section elementor-inner-section elementor-element elementor-element-27ef6eb elementor-section-full_width elementor-section-height-default elementor-section-height-default parallax_section_no qode_elementor_container_no\" data-id=\"27ef6eb\" data-element_type=\"section\" data-e-type=\"section\" data-settings=\"{&quot;background_background&quot;:&quot;classic&quot;}\">\n\t\t\t\t\t\t<div class=\"elementor-container elementor-column-gap-default\">\n\t\t\t\t\t<div class=\"elementor-column elementor-col-100 elementor-inner-column elementor-element elementor-element-81fca12\" data-id=\"81fca12\" data-element_type=\"column\" data-e-type=\"column\">\n\t\t\t<div class=\"elementor-widget-wrap elementor-element-populated\">\n\t\t\t\t\t\t<div class=\"elementor-element elementor-element-46e5e735 elementor-widget elementor-widget-heading\" data-id=\"46e5e735\" data-element_type=\"widget\" data-e-type=\"widget\" data-widget_type=\"heading.default\">\n\t\t\t\t<div class=\"elementor-widget-container\">\n\t\t\t\t\t<h3 class=\"elementor-heading-title elementor-size-large\">Architektur<\/h3>\t\t\t\t<\/div>\n\t\t\t\t<\/div>\n\t\t\t\t<div class=\"elementor-element elementor-element-6be2ce01 elementor-widget elementor-widget-text-editor\" data-id=\"6be2ce01\" data-element_type=\"widget\" data-e-type=\"widget\" data-widget_type=\"text-editor.default\">\n\t\t\t\t<div class=\"elementor-widget-container\">\n\t\t\t\t\t\t\t\t\t<p>Sanierung und Erweiterung \u2013 Architekt Filippo Bricolo: Das neue Design steht f\u00fcr die Idee des Aufbauens, f\u00fcr die Sinnlichkeit der Materie, die Klarheit des Wein und die Kraft der Architektur.<\/p>\n\t\t\t\t\t\t\t\t<\/div>\n\t\t\t\t<\/div>\n\t\t\t\t<div class=\"elementor-element elementor-element-1da879a elementor-widget elementor-widget-bridge_button_v2\" data-id=\"1da879a\" data-element_type=\"widget\" data-e-type=\"widget\" data-widget_type=\"bridge_button_v2.default\">\n\t\t\t\t<div class=\"elementor-widget-container\">\n\t\t\t\t\t\n\n\t<a href=\"\/de\/architektur\/\" target=\"_self\" style=\"color: #FFFFFF;font-family: Open sans condensed;font-size: 14px;font-weight: 400;text-transform: uppercase;font-style: normal;letter-spacing: 4.45px\" class=\"qode-btn qode-btn-medium qode-btn-simple\"  >\n\t    <span class=\"qode-btn-text\">ERFAHREN SIE<\/span><span class=\"qode-button-v2-icon-holder\" style=\"font-size: 34px\" ><span aria-hidden=\"true\" class=\"qode_icon_font_elegant  qode-button-v2-icon-holder-inner\" ><\/span><\/span>\t<\/a>\n\n\t\t\t\t<\/div>\n\t\t\t\t<\/div>\n\t\t\t\t\t<\/div>\n\t\t<\/div>\n\t\t\t\t\t<\/div>\n\t\t<\/section>\n\t\t\t\t\t<\/div>\n\t\t<\/div>\n\t\t\t\t<div class=\"elementor-column elementor-col-50 elementor-top-column elementor-element elementor-element-2b035435\" data-id=\"2b035435\" data-element_type=\"column\" data-e-type=\"column\">\n\t\t\t<div class=\"elementor-widget-wrap elementor-element-populated\">\n\t\t\t\t\t\t<div class=\"elementor-element elementor-element-1103dca9 elementor-widget elementor-widget-image\" data-id=\"1103dca9\" data-element_type=\"widget\" data-e-type=\"widget\" data-widget_type=\"image.default\">\n\t\t\t\t<div class=\"elementor-widget-container\">\n\t\t\t\t\t\t\t\t\t\t\t\t\t\t\t<img decoding=\"async\" width=\"534\" height=\"800\" src=\"https:\/\/cantinagorgo.com\/wp-content\/uploads\/2020\/11\/gorgo-azienda-agricola-cantina-ingresso-800x543-1.jpg\" class=\"attachment-full size-full wp-image-5782\" alt=\"\" srcset=\"https:\/\/cantinagorgo.com\/wp-content\/uploads\/2020\/11\/gorgo-azienda-agricola-cantina-ingresso-800x543-1.jpg 534w, https:\/\/cantinagorgo.com\/wp-content\/uploads\/2020\/11\/gorgo-azienda-agricola-cantina-ingresso-800x543-1-200x300.jpg 200w\" sizes=\"(max-width: 534px) 100vw, 534px\" \/>\t\t\t\t\t\t\t\t\t\t\t\t\t\t\t<\/div>\n\t\t\t\t<\/div>\n\t\t\t\t\t<\/div>\n\t\t<\/div>\n\t\t\t\t\t<\/div>\n\t\t<\/section>\n\t\t\t\t<\/div>\n\t\t","protected":false},"excerpt":{"rendered":"<p>Das Landgut Mit seiner 50-j\u00e4hrigen Geschichte geh\u00f6rt unser Weingut bereits zu den historischen Kellereien in der Gegend von Verona. Seine Weinberge erstrecken sich \u00fcber 53 Hektar Mor\u00e4nenh\u00fcgelland rund um das Dorf Custoza. Unsere Weine, die wir aus bio-zertifizierten Trauben herstellen, geh\u00f6ren zu den Spitzenerzeugnissen dieses&#8230;<\/p>\n","protected":false},"author":2,"featured_media":0,"parent":0,"menu_order":0,"comment_status":"closed","ping_status":"closed","template":"elementor_header_footer","meta":{"footnotes":""},"class_list":["post-5093","page","type-page","status-publish","hentry"],"_links":{"self":[{"href":"https:\/\/cantinagorgo.com\/de\/wp-json\/wp\/v2\/pages\/5093","targetHints":{"allow":["GET"]}}],"collection":[{"href":"https:\/\/cantinagorgo.com\/de\/wp-json\/wp\/v2\/pages"}],"about":[{"href":"https:\/\/cantinagorgo.com\/de\/wp-json\/wp\/v2\/types\/page"}],"author":[{"embeddable":true,"href":"https:\/\/cantinagorgo.com\/de\/wp-json\/wp\/v2\/users\/2"}],"replies":[{"embeddable":true,"href":"https:\/\/cantinagorgo.com\/de\/wp-json\/wp\/v2\/comments?post=5093"}],"version-history":[{"count":7,"href":"https:\/\/cantinagorgo.com\/de\/wp-json\/wp\/v2\/pages\/5093\/revisions"}],"predecessor-version":[{"id":7083,"href":"https:\/\/cantinagorgo.com\/de\/wp-json\/wp\/v2\/pages\/5093\/revisions\/7083"}],"wp:attachment":[{"href":"https:\/\/cantinagorgo.com\/de\/wp-json\/wp\/v2\/media?parent=5093"}],"curies":[{"name":"wp","href":"https:\/\/api.w.org\/{rel}","templated":true}]}}