{"id":5095,"date":"2020-01-15T11:17:06","date_gmt":"2020-01-15T11:17:06","guid":{"rendered":"https:\/\/cantinagorgo.com\/das-terroir\/"},"modified":"2021-03-22T14:32:00","modified_gmt":"2021-03-22T14:32:00","slug":"das-terroir","status":"publish","type":"page","link":"https:\/\/cantinagorgo.com\/de\/das-terroir\/","title":{"rendered":"Das Terroir"},"content":{"rendered":"\t\t<div data-elementor-type=\"wp-page\" data-elementor-id=\"5095\" class=\"elementor elementor-5095 elementor-726\" data-elementor-post-type=\"page\">\n\t\t\t\t\t\t<section class=\"elementor-section elementor-top-section elementor-element elementor-element-d7b2368 elementor-section-full_width elementor-section-height-default elementor-section-height-default parallax_section_no qode_elementor_container_no\" data-id=\"d7b2368\" data-element_type=\"section\" data-e-type=\"section\" data-settings=\"{&quot;background_background&quot;:&quot;classic&quot;}\">\n\t\t\t\t\t\t<div class=\"elementor-container elementor-column-gap-default\">\n\t\t\t\t\t<div class=\"elementor-column elementor-col-100 elementor-top-column elementor-element elementor-element-9b4a054\" data-id=\"9b4a054\" data-element_type=\"column\" data-e-type=\"column\">\n\t\t\t<div class=\"elementor-widget-wrap elementor-element-populated\">\n\t\t\t\t\t\t<div class=\"elementor-element elementor-element-68a46a4 elementor-widget elementor-widget-image\" data-id=\"68a46a4\" data-element_type=\"widget\" data-e-type=\"widget\" data-widget_type=\"image.default\">\n\t\t\t\t<div class=\"elementor-widget-container\">\n\t\t\t\t\t\t\t\t\t\t\t\t\t\t\t<img fetchpriority=\"high\" decoding=\"async\" width=\"1920\" height=\"545\" src=\"https:\/\/cantinagorgo.com\/wp-content\/uploads\/2020\/12\/cantina-gorgo-territorio-header.jpg\" class=\"attachment-full size-full wp-image-5922\" alt=\"\" srcset=\"https:\/\/cantinagorgo.com\/wp-content\/uploads\/2020\/12\/cantina-gorgo-territorio-header.jpg 1920w, https:\/\/cantinagorgo.com\/wp-content\/uploads\/2020\/12\/cantina-gorgo-territorio-header-300x85.jpg 300w, https:\/\/cantinagorgo.com\/wp-content\/uploads\/2020\/12\/cantina-gorgo-territorio-header-1024x291.jpg 1024w, https:\/\/cantinagorgo.com\/wp-content\/uploads\/2020\/12\/cantina-gorgo-territorio-header-768x218.jpg 768w, https:\/\/cantinagorgo.com\/wp-content\/uploads\/2020\/12\/cantina-gorgo-territorio-header-1536x436.jpg 1536w, https:\/\/cantinagorgo.com\/wp-content\/uploads\/2020\/12\/cantina-gorgo-territorio-header-700x199.jpg 700w\" sizes=\"(max-width: 1920px) 100vw, 1920px\" \/>\t\t\t\t\t\t\t\t\t\t\t\t\t\t\t<\/div>\n\t\t\t\t<\/div>\n\t\t\t\t\t<\/div>\n\t\t<\/div>\n\t\t\t\t\t<\/div>\n\t\t<\/section>\n\t\t\t\t<section class=\"elementor-section elementor-top-section elementor-element elementor-element-6089ebf4 elementor-section-content-middle elementor-section-boxed elementor-section-height-default elementor-section-height-default parallax_section_no qode_elementor_container_no\" data-id=\"6089ebf4\" data-element_type=\"section\" data-e-type=\"section\">\n\t\t\t\t\t\t<div class=\"elementor-container elementor-column-gap-no\">\n\t\t\t\t\t<div class=\"elementor-column elementor-col-100 elementor-top-column elementor-element elementor-element-5d0c5503\" data-id=\"5d0c5503\" data-element_type=\"column\" data-e-type=\"column\">\n\t\t\t<div class=\"elementor-widget-wrap elementor-element-populated\">\n\t\t\t\t\t\t<div class=\"elementor-element elementor-element-603d1712 elementor-widget elementor-widget-heading\" data-id=\"603d1712\" data-element_type=\"widget\" data-e-type=\"widget\" data-widget_type=\"heading.default\">\n\t\t\t\t<div class=\"elementor-widget-container\">\n\t\t\t\t\t<h4 class=\"elementor-heading-title elementor-size-default\">Das Terroir<\/h4>\t\t\t\t<\/div>\n\t\t\t\t<\/div>\n\t\t\t\t<div class=\"elementor-element elementor-element-1a7a2e25 elementor-widget elementor-widget-text-editor\" data-id=\"1a7a2e25\" data-element_type=\"widget\" data-e-type=\"widget\" data-widget_type=\"text-editor.default\">\n\t\t\t\t<div class=\"elementor-widget-container\">\n\t\t\t\t\t\t\t\t\t<p style=\"text-align: left;\">Als sich im Quart\u00e4r die Gletscher in die Berge zur\u00fcckzogen, hinterlie\u00dfen sie im weiten Halbrund \u00f6stlich des Gardasees eine Mor\u00e4nenlandschaft, die in sanften, niedrigen H\u00fcgel zur Po-Ebene hin ausl\u00e4uft.<\/p>\n\t\t\t\t\t\t\t\t<\/div>\n\t\t\t\t<\/div>\n\t\t\t\t<div class=\"elementor-element elementor-element-be1fd90 elementor-widget elementor-widget-text-editor\" data-id=\"be1fd90\" data-element_type=\"widget\" data-e-type=\"widget\" data-widget_type=\"text-editor.default\">\n\t\t\t\t<div class=\"elementor-widget-container\">\n\t\t\t\t\t\t\t\t\t<p style=\"text-align: left;\">In dieser seit jeher f\u00fcr den Weinbau pr\u00e4destinierten Landschaft (es gibt entsprechende Funde aus der Bronzezeit) wurde 1973 das Weingut Gorgo gegr\u00fcndet. Es liegt ganz in der N\u00e4he des kleinen \u00d6rtchens Custoza, das seinerseits zum Gemeindegebiet von Sommacampagna in der Provinz Verona geh\u00f6rt.<\/p>\n\t\t\t\t\t\t\t\t<\/div>\n\t\t\t\t<\/div>\n\t\t\t\t\t<\/div>\n\t\t<\/div>\n\t\t\t\t\t<\/div>\n\t\t<\/section>\n\t\t\t\t<section class=\"elementor-section elementor-top-section elementor-element elementor-element-688bc4e3 elementor-section-height-min-height elementor-section-content-middle elementor-section-boxed elementor-section-height-default elementor-section-items-middle parallax_section_no qode_elementor_container_no\" data-id=\"688bc4e3\" data-element_type=\"section\" data-e-type=\"section\" data-settings=\"{&quot;background_background&quot;:&quot;video&quot;,&quot;background_video_link&quot;:&quot;https:\\\/\\\/youtu.be\\\/d0laVwTHUPc&quot;,&quot;background_play_once&quot;:&quot;yes&quot;,&quot;background_play_on_mobile&quot;:&quot;yes&quot;}\">\n\t\t\t\t\t\t\t\t<div class=\"elementor-background-video-container\">\n\t\t\t\t\t\t\t\t\t\t\t\t\t<div class=\"elementor-background-video-embed\" role=\"presentation\"><\/div>\n\t\t\t\t\t\t\t\t\t\t\t\t<\/div>\n\t\t\t\t\t\t\t\t\t<div class=\"elementor-background-overlay\"><\/div>\n\t\t\t\t\t\t\t<div class=\"elementor-container elementor-column-gap-no\">\n\t\t\t\t\t<div class=\"elementor-column elementor-col-50 elementor-top-column elementor-element elementor-element-56296062\" data-id=\"56296062\" data-element_type=\"column\" data-e-type=\"column\">\n\t\t\t<div class=\"elementor-widget-wrap\">\n\t\t\t\t\t\t\t<\/div>\n\t\t<\/div>\n\t\t\t\t<div class=\"elementor-column elementor-col-50 elementor-top-column elementor-element elementor-element-2fd3d64f\" data-id=\"2fd3d64f\" data-element_type=\"column\" data-e-type=\"column\">\n\t\t\t<div class=\"elementor-widget-wrap\">\n\t\t\t\t\t\t\t<\/div>\n\t\t<\/div>\n\t\t\t\t\t<\/div>\n\t\t<\/section>\n\t\t\t\t<section class=\"elementor-section elementor-top-section elementor-element elementor-element-0cc15d6 elementor-section-content-middle elementor-section-boxed elementor-section-height-default elementor-section-height-default parallax_section_no qode_elementor_container_no\" data-id=\"0cc15d6\" data-element_type=\"section\" data-e-type=\"section\">\n\t\t\t\t\t\t<div class=\"elementor-container elementor-column-gap-no\">\n\t\t\t\t\t<div class=\"elementor-column elementor-col-100 elementor-top-column elementor-element elementor-element-87a16aa\" data-id=\"87a16aa\" data-element_type=\"column\" data-e-type=\"column\">\n\t\t\t<div class=\"elementor-widget-wrap elementor-element-populated\">\n\t\t\t\t\t\t<div class=\"elementor-element elementor-element-3bd4eaf elementor-widget elementor-widget-text-editor\" data-id=\"3bd4eaf\" data-element_type=\"widget\" data-e-type=\"widget\" data-widget_type=\"text-editor.default\">\n\t\t\t\t<div class=\"elementor-widget-container\">\n\t\t\t\t\t\t\t\t\t<p><span style=\"background-color: #ffffff;\">Die Zusammensetzung der B\u00f6den und die \u00f6rtlichen Klimaverh\u00e4ltnisse haben einen wesentlichen Einfluss auf die organoleptischen Eigenschaften der Weine, die hier entstehen.<\/span><\/p>\n\t\t\t\t\t\t\t\t<\/div>\n\t\t\t\t<\/div>\n\t\t\t\t\t<\/div>\n\t\t<\/div>\n\t\t\t\t\t<\/div>\n\t\t<\/section>\n\t\t\t\t<section class=\"elementor-section elementor-top-section elementor-element elementor-element-7635072 elementor-section-content-middle elementor-section-boxed elementor-section-height-default elementor-section-height-default parallax_section_no qode_elementor_container_no\" data-id=\"7635072\" data-element_type=\"section\" data-e-type=\"section\">\n\t\t\t\t\t\t<div class=\"elementor-container elementor-column-gap-no\">\n\t\t\t\t\t<div class=\"elementor-column elementor-col-50 elementor-top-column elementor-element elementor-element-1936cfbc\" data-id=\"1936cfbc\" data-element_type=\"column\" data-e-type=\"column\">\n\t\t\t<div class=\"elementor-widget-wrap elementor-element-populated\">\n\t\t\t\t\t\t<div class=\"elementor-element elementor-element-27825168 elementor-widget elementor-widget-text-editor\" data-id=\"27825168\" data-element_type=\"widget\" data-e-type=\"widget\" data-widget_type=\"text-editor.default\">\n\t\t\t\t<div class=\"elementor-widget-container\">\n\t\t\t\t\t\t\t\t\t<p><span style=\"background-color: rgb(255, 255, 255);\">Das H\u00fcgelland von Custoza zeichnet sich durch seine typische wei\u00dfliche Farbe und seine leichte Struktur aus. Die B\u00f6den bestehen aus Ger\u00f6ll, Steinen und Kiesel, Humus und Schlamm, sind reich an Calziumcarbonat und haben einen erh\u00f6hten Ph-Wert. Diese Zusammensetzung, die im mor\u00e4nischen Ursprung der B\u00f6den begr\u00fcndet ist, ist wesentlich f\u00fcr den Stil der hier erzeugten Weine, die mit Mineralit\u00e4t und Saftigkeit auffallen.<\/span><\/p>\n\t\t\t\t\t\t\t\t<\/div>\n\t\t\t\t<\/div>\n\t\t\t\t\t<\/div>\n\t\t<\/div>\n\t\t\t\t<div class=\"elementor-column elementor-col-50 elementor-top-column elementor-element elementor-element-5fd67867\" data-id=\"5fd67867\" data-element_type=\"column\" data-e-type=\"column\">\n\t\t\t<div class=\"elementor-widget-wrap elementor-element-populated\">\n\t\t\t\t\t\t<div class=\"elementor-element elementor-element-2f6e9980 elementor-widget elementor-widget-image\" data-id=\"2f6e9980\" data-element_type=\"widget\" data-e-type=\"widget\" data-widget_type=\"image.default\">\n\t\t\t\t<div class=\"elementor-widget-container\">\n\t\t\t\t\t\t\t\t\t\t\t\t\t\t\t<img decoding=\"async\" width=\"750\" height=\"562\" src=\"https:\/\/cantinagorgo.com\/wp-content\/uploads\/2020\/11\/gorgo-azienda-agricola-territorio-vigneti-drone.jpg\" class=\"attachment-full size-full wp-image-5796\" alt=\"\" srcset=\"https:\/\/cantinagorgo.com\/wp-content\/uploads\/2020\/11\/gorgo-azienda-agricola-territorio-vigneti-drone.jpg 750w, https:\/\/cantinagorgo.com\/wp-content\/uploads\/2020\/11\/gorgo-azienda-agricola-territorio-vigneti-drone-300x225.jpg 300w, https:\/\/cantinagorgo.com\/wp-content\/uploads\/2020\/11\/gorgo-azienda-agricola-territorio-vigneti-drone-700x525.jpg 700w\" sizes=\"(max-width: 750px) 100vw, 750px\" \/>\t\t\t\t\t\t\t\t\t\t\t\t\t\t\t<\/div>\n\t\t\t\t<\/div>\n\t\t\t\t\t<\/div>\n\t\t<\/div>\n\t\t\t\t\t<\/div>\n\t\t<\/section>\n\t\t\t\t<section class=\"elementor-section elementor-top-section elementor-element elementor-element-5cdafaa elementor-section-content-middle elementor-section-boxed elementor-section-height-default elementor-section-height-default parallax_section_no qode_elementor_container_no\" data-id=\"5cdafaa\" data-element_type=\"section\" data-e-type=\"section\">\n\t\t\t\t\t\t<div class=\"elementor-container elementor-column-gap-no\">\n\t\t\t\t\t<div class=\"elementor-column elementor-col-100 elementor-top-column elementor-element elementor-element-00e9204\" data-id=\"00e9204\" data-element_type=\"column\" data-e-type=\"column\">\n\t\t\t<div class=\"elementor-widget-wrap elementor-element-populated\">\n\t\t\t\t\t\t<div class=\"elementor-element elementor-element-c0fdcd7 elementor-widget elementor-widget-text-editor\" data-id=\"c0fdcd7\" data-element_type=\"widget\" data-e-type=\"widget\" data-widget_type=\"text-editor.default\">\n\t\t\t\t<div class=\"elementor-widget-container\">\n\t\t\t\t\t\t\t\t\t<p style=\"text-align: left;\">Der zweite Faktor, der das Terroir von Custoza beeinflusst, ist das Klima. Die vom Gardasee kommenden Winde mildern die Temperaturen und schaffen ein tendenziell mediterranes Klima, wie es in Norditalien eigentlich nicht \u00fcblich ist.<\/p>\n\t\t\t\t\t\t\t\t<\/div>\n\t\t\t\t<\/div>\n\t\t\t\t\t<\/div>\n\t\t<\/div>\n\t\t\t\t\t<\/div>\n\t\t<\/section>\n\t\t\t\t<section class=\"elementor-section elementor-top-section elementor-element elementor-element-2c723bb0 elementor-section-content-middle elementor-section-boxed elementor-section-height-default elementor-section-height-default parallax_section_no qode_elementor_container_no\" data-id=\"2c723bb0\" data-element_type=\"section\" data-e-type=\"section\">\n\t\t\t\t\t\t<div class=\"elementor-container elementor-column-gap-no\">\n\t\t\t\t\t<div class=\"elementor-column elementor-col-33 elementor-top-column elementor-element elementor-element-724d2d4e\" data-id=\"724d2d4e\" data-element_type=\"column\" data-e-type=\"column\">\n\t\t\t<div class=\"elementor-widget-wrap elementor-element-populated\">\n\t\t\t\t\t\t<div class=\"elementor-element elementor-element-7304189a elementor-widget elementor-widget-image\" data-id=\"7304189a\" data-element_type=\"widget\" data-e-type=\"widget\" data-widget_type=\"image.default\">\n\t\t\t\t<div class=\"elementor-widget-container\">\n\t\t\t\t\t\t\t\t\t\t\t\t\t\t\t<img decoding=\"async\" width=\"500\" height=\"750\" src=\"https:\/\/cantinagorgo.com\/wp-content\/uploads\/2020\/11\/gorgo-azienda-agricola-territorio-uva-biologica-01-750x500q40.jpg\" class=\"elementor-animation-grow attachment-large size-large wp-image-5792\" alt=\"\" srcset=\"https:\/\/cantinagorgo.com\/wp-content\/uploads\/2020\/11\/gorgo-azienda-agricola-territorio-uva-biologica-01-750x500q40.jpg 500w, https:\/\/cantinagorgo.com\/wp-content\/uploads\/2020\/11\/gorgo-azienda-agricola-territorio-uva-biologica-01-750x500q40-200x300.jpg 200w\" sizes=\"(max-width: 500px) 100vw, 500px\" \/>\t\t\t\t\t\t\t\t\t\t\t\t\t\t\t<\/div>\n\t\t\t\t<\/div>\n\t\t\t\t\t<\/div>\n\t\t<\/div>\n\t\t\t\t<div class=\"elementor-column elementor-col-33 elementor-top-column elementor-element elementor-element-691385d5\" data-id=\"691385d5\" data-element_type=\"column\" data-e-type=\"column\">\n\t\t\t<div class=\"elementor-widget-wrap elementor-element-populated\">\n\t\t\t\t\t\t<div class=\"elementor-element elementor-element-3abc2ae5 elementor-widget elementor-widget-image\" data-id=\"3abc2ae5\" data-element_type=\"widget\" data-e-type=\"widget\" data-widget_type=\"image.default\">\n\t\t\t\t<div class=\"elementor-widget-container\">\n\t\t\t\t\t\t\t\t\t\t\t\t\t\t\t<img loading=\"lazy\" decoding=\"async\" width=\"500\" height=\"750\" src=\"https:\/\/cantinagorgo.com\/wp-content\/uploads\/2020\/11\/gorgo-azienda-agricola-territorio-uva-biologica-03-750x500q50.jpg\" class=\"elementor-animation-grow attachment-large size-large wp-image-5800\" alt=\"\" srcset=\"https:\/\/cantinagorgo.com\/wp-content\/uploads\/2020\/11\/gorgo-azienda-agricola-territorio-uva-biologica-03-750x500q50.jpg 500w, https:\/\/cantinagorgo.com\/wp-content\/uploads\/2020\/11\/gorgo-azienda-agricola-territorio-uva-biologica-03-750x500q50-200x300.jpg 200w\" sizes=\"(max-width: 500px) 100vw, 500px\" \/>\t\t\t\t\t\t\t\t\t\t\t\t\t\t\t<\/div>\n\t\t\t\t<\/div>\n\t\t\t\t<div class=\"elementor-element elementor-element-400f20f elementor-widget elementor-widget-text-editor\" data-id=\"400f20f\" data-element_type=\"widget\" data-e-type=\"widget\" data-widget_type=\"text-editor.default\">\n\t\t\t\t<div class=\"elementor-widget-container\">\n\t\t\t\t\t\t\t\t\t<h5>\u201eGardasee: die einzige vom wine enthusiast 2019 empfohlene weinregion italiens\u201c<\/h5>\n\t\t\t\t\t\t\t\t<\/div>\n\t\t\t\t<\/div>\n\t\t\t\t\t<\/div>\n\t\t<\/div>\n\t\t\t\t<div class=\"elementor-column elementor-col-33 elementor-top-column elementor-element elementor-element-d48aca1\" data-id=\"d48aca1\" data-element_type=\"column\" data-e-type=\"column\">\n\t\t\t<div class=\"elementor-widget-wrap elementor-element-populated\">\n\t\t\t\t\t\t<div class=\"elementor-element elementor-element-7e191f4a elementor-widget elementor-widget-image\" data-id=\"7e191f4a\" data-element_type=\"widget\" data-e-type=\"widget\" data-widget_type=\"image.default\">\n\t\t\t\t<div class=\"elementor-widget-container\">\n\t\t\t\t\t\t\t\t\t\t\t\t\t\t\t<img loading=\"lazy\" decoding=\"async\" width=\"600\" height=\"450\" src=\"https:\/\/cantinagorgo.com\/wp-content\/uploads\/2020\/11\/gorgo-azienda-agricola-territorio-vigne-biologiche-600x450q40.jpg\" class=\"elementor-animation-grow attachment-full size-full wp-image-5798\" alt=\"\" srcset=\"https:\/\/cantinagorgo.com\/wp-content\/uploads\/2020\/11\/gorgo-azienda-agricola-territorio-vigne-biologiche-600x450q40.jpg 600w, https:\/\/cantinagorgo.com\/wp-content\/uploads\/2020\/11\/gorgo-azienda-agricola-territorio-vigne-biologiche-600x450q40-300x225.jpg 300w\" sizes=\"(max-width: 600px) 100vw, 600px\" \/>\t\t\t\t\t\t\t\t\t\t\t\t\t\t\t<\/div>\n\t\t\t\t<\/div>\n\t\t\t\t\t<\/div>\n\t\t<\/div>\n\t\t\t\t\t<\/div>\n\t\t<\/section>\n\t\t\t\t<section class=\"elementor-section elementor-top-section elementor-element elementor-element-f5273ab elementor-section-content-middle elementor-section-boxed elementor-section-height-default elementor-section-height-default parallax_section_no qode_elementor_container_no\" data-id=\"f5273ab\" data-element_type=\"section\" data-e-type=\"section\">\n\t\t\t\t\t\t<div class=\"elementor-container elementor-column-gap-no\">\n\t\t\t\t\t<div class=\"elementor-column elementor-col-100 elementor-top-column elementor-element elementor-element-85f2a2e\" data-id=\"85f2a2e\" data-element_type=\"column\" data-e-type=\"column\">\n\t\t\t<div class=\"elementor-widget-wrap elementor-element-populated\">\n\t\t\t\t\t\t<div class=\"elementor-element elementor-element-51d4e23 elementor-widget elementor-widget-text-editor\" data-id=\"51d4e23\" data-element_type=\"widget\" data-e-type=\"widget\" data-widget_type=\"text-editor.default\">\n\t\t\t\t<div class=\"elementor-widget-container\">\n\t\t\t\t\t\t\t\t\t<p style=\"text-align: left;\">Das besonders milde Klima bringt in unseren Weinen Aromen von wei\u00dfen und gelben Fr\u00fcchten und h\u00e4ufig auch leichte Zitrusaromen hervor. Diese fruchtigen Noten neigen zu einer gewissen W\u00fcrze, werden jedoch nie aufdringlich oder dominant und lassen auch feineren, blumigen Aromen ihren Raum.<\/p>\n\t\t\t\t\t\t\t\t<\/div>\n\t\t\t\t<\/div>\n\t\t\t\t\t<\/div>\n\t\t<\/div>\n\t\t\t\t\t<\/div>\n\t\t<\/section>\n\t\t\t\t<\/div>\n\t\t","protected":false},"excerpt":{"rendered":"<p>Das Terroir Als sich im Quart\u00e4r die Gletscher in die Berge zur\u00fcckzogen, hinterlie\u00dfen sie im weiten Halbrund \u00f6stlich des Gardasees eine Mor\u00e4nenlandschaft, die in sanften, niedrigen H\u00fcgel zur Po-Ebene hin ausl\u00e4uft. In dieser seit jeher f\u00fcr den Weinbau pr\u00e4destinierten Landschaft (es gibt entsprechende Funde aus&#8230;<\/p>\n","protected":false},"author":2,"featured_media":0,"parent":0,"menu_order":0,"comment_status":"closed","ping_status":"closed","template":"elementor_header_footer","meta":{"footnotes":""},"class_list":["post-5095","page","type-page","status-publish","hentry"],"_links":{"self":[{"href":"https:\/\/cantinagorgo.com\/de\/wp-json\/wp\/v2\/pages\/5095","targetHints":{"allow":["GET"]}}],"collection":[{"href":"https:\/\/cantinagorgo.com\/de\/wp-json\/wp\/v2\/pages"}],"about":[{"href":"https:\/\/cantinagorgo.com\/de\/wp-json\/wp\/v2\/types\/page"}],"author":[{"embeddable":true,"href":"https:\/\/cantinagorgo.com\/de\/wp-json\/wp\/v2\/users\/2"}],"replies":[{"embeddable":true,"href":"https:\/\/cantinagorgo.com\/de\/wp-json\/wp\/v2\/comments?post=5095"}],"version-history":[{"count":1,"href":"https:\/\/cantinagorgo.com\/de\/wp-json\/wp\/v2\/pages\/5095\/revisions"}],"predecessor-version":[{"id":5096,"href":"https:\/\/cantinagorgo.com\/de\/wp-json\/wp\/v2\/pages\/5095\/revisions\/5096"}],"wp:attachment":[{"href":"https:\/\/cantinagorgo.com\/de\/wp-json\/wp\/v2\/media?parent=5095"}],"curies":[{"name":"wp","href":"https:\/\/api.w.org\/{rel}","templated":true}]}}