{"id":5149,"date":"2019-10-08T08:21:08","date_gmt":"2019-10-08T06:21:08","guid":{"rendered":"https:\/\/cantinagorgo.com\/kontakt\/"},"modified":"2025-05-27T16:24:18","modified_gmt":"2025-05-27T14:24:18","slug":"kontakt","status":"publish","type":"page","link":"https:\/\/cantinagorgo.com\/de\/kontakt\/","title":{"rendered":"Kontakt"},"content":{"rendered":"\t\t<div data-elementor-type=\"wp-page\" data-elementor-id=\"5149\" class=\"elementor elementor-5149 elementor-393\" data-elementor-post-type=\"page\">\n\t\t\t\t\t\t<section class=\"elementor-section elementor-top-section elementor-element elementor-element-e7a3bd2 elementor-section-full_width elementor-section-height-default elementor-section-height-default parallax_section_no qode_elementor_container_no\" data-id=\"e7a3bd2\" data-element_type=\"section\" data-e-type=\"section\">\n\t\t\t\t\t\t<div class=\"elementor-container elementor-column-gap-default\">\n\t\t\t\t\t<div class=\"elementor-column elementor-col-100 elementor-top-column elementor-element elementor-element-dc735b2\" data-id=\"dc735b2\" data-element_type=\"column\" data-e-type=\"column\">\n\t\t\t<div class=\"elementor-widget-wrap elementor-element-populated\">\n\t\t\t\t\t\t<div class=\"elementor-element elementor-element-e2ca2f1 elementor-widget elementor-widget-bridge_google_map\" data-id=\"e2ca2f1\" data-element_type=\"widget\" data-e-type=\"widget\" data-widget_type=\"bridge_google_map.default\">\n\t\t\t\t<div class=\"elementor-widget-container\">\n\t\t\t\t\t<div class='google_map_shortcode_holder' style='height:450px;'><div class='qode_google_map' style='height:450px;' id='map_canvas_32295' data-addresses='[\"Via Gorgo, 19, 37066 Custoza VR\"]' data-custom-map-style='false' data-color-overlay='' data-saturation='' data-lightness='' data-zoom='10' data-pin='https:\/\/cantinagorgo.com\/wp-content\/uploads\/2020\/06\/gorgo-marker-1.png' data-unique-id='32295' data-google-maps-scroll-wheel='false' data-snazzy-map-style='yes' data-map-height='450'><\/div><input type=\"hidden\" class=\"qode-snazzy-map\" value=\"`{`\n    {\n        ``featureType``: ``administrative``,\n        ``elementType``: ``labels.text.fill``,\n        ``stylers``: `{`\n            {\n                ``color``: ``#444444``\n            }\n        `}`\n    },\n    {\n        ``featureType``: ``landscape``,\n        ``elementType``: ``all``,\n        ``stylers``: `{`\n            {\n                ``color``: ``#fbeff0``\n            }\n        `}`\n    },\n    {\n        ``featureType``: ``poi``,\n        ``elementType``: ``all``,\n        ``stylers``: `{`\n            {\n                ``visibility``: ``off``\n            }\n        `}`\n    },\n    {\n        ``featureType``: ``road``,\n        ``elementType``: ``all``,\n        ``stylers``: `{`\n            {\n                ``saturation``: -100\n            },\n            {\n                ``lightness``: 45\n            }\n        `}`\n    },\n    {\n        ``featureType``: ``road.highway``,\n        ``elementType``: ``all``,\n        ``stylers``: `{`\n            {\n                ``visibility``: ``simplified``\n            }\n        `}`\n    },\n    {\n        ``featureType``: ``road.arterial``,\n        ``elementType``: ``labels.icon``,\n        ``stylers``: `{`\n            {\n                ``visibility``: ``off``\n            }\n        `}`\n    },\n    {\n        ``featureType``: ``transit``,\n        ``elementType``: ``all``,\n        ``stylers``: `{`\n            {\n                ``visibility``: ``off``\n            }\n        `}`\n    },\n    {\n        ``featureType``: ``water``,\n        ``elementType``: ``all``,\n        ``stylers``: `{`\n            {\n                ``color``: ``#f0dde3``\n            },\n            {\n                ``visibility``: ``on``\n            }\n        `}`\n    }\n`}`\" \/><div class='google_map_shortcode_overlay'><\/div><\/div>\t\t\t\t<\/div>\n\t\t\t\t<\/div>\n\t\t\t\t\t<\/div>\n\t\t<\/div>\n\t\t\t\t\t<\/div>\n\t\t<\/section>\n\t\t\t\t<section class=\"elementor-section elementor-top-section elementor-element elementor-element-2af5b50 elementor-section-content-top qode_elementor_container_inner elementor-section-boxed elementor-section-height-default elementor-section-height-default parallax_section_no\" data-id=\"2af5b50\" data-element_type=\"section\" data-e-type=\"section\" data-settings=\"{&quot;background_background&quot;:&quot;classic&quot;}\">\n\t\t\t\t\t\t<div class=\"elementor-container elementor-column-gap-default\">\n\t\t\t\t\t<div class=\"elementor-column elementor-col-50 elementor-top-column elementor-element elementor-element-d79936f\" data-id=\"d79936f\" data-element_type=\"column\" data-e-type=\"column\" data-settings=\"{&quot;background_background&quot;:&quot;gradient&quot;}\">\n\t\t\t<div class=\"elementor-widget-wrap elementor-element-populated\">\n\t\t\t\t\t\t<div class=\"elementor-element elementor-element-ec2eae8 elementor-widget elementor-widget-text-editor\" data-id=\"ec2eae8\" data-element_type=\"widget\" data-e-type=\"widget\" data-widget_type=\"text-editor.default\">\n\t\t\t\t<div class=\"elementor-widget-container\">\n\t\t\t\t\t\t\t\t\t<h3>Kontakt<\/h3>\n\t\t\t\t\t\t\t\t<\/div>\n\t\t\t\t<\/div>\n\t\t\t\t<div class=\"elementor-element elementor-element-1195da5 elementor-widget elementor-widget-text-editor\" data-id=\"1195da5\" data-element_type=\"widget\" data-e-type=\"widget\" data-widget_type=\"text-editor.default\">\n\t\t\t\t<div class=\"elementor-widget-container\">\n\t\t\t\t\t\t\t\t\t<p>Bitte kontaktieren Sie uns f\u00fcr weitere Ausk\u00fcnfte oder Informationen. Wir freuen uns, von Ihnen zu h\u00f6ren und helfen Ihnen gerne weiter.<\/p>\n\t\t\t\t\t\t\t\t<\/div>\n\t\t\t\t<\/div>\n\t\t\t\t<div class=\"elementor-element elementor-element-ffa04c0 elementor-widget elementor-widget-bridge_icon_text\" data-id=\"ffa04c0\" data-element_type=\"widget\" data-e-type=\"widget\" data-widget_type=\"bridge_icon_text.default\">\n\t\t\t\t<div class=\"elementor-widget-container\">\n\t\t\t\t\t<div class='q_icon_with_title tiny normal_icon '><div class=\"icon_holder \" style=\" \"><span data-icon-type=\"normal\" class=\"qode_iwt_icon_holder q_font_awsome_icon   \"><i class=\"qodef-icon-linea-icon icon-basic-clock qode_iwt_icon_element\" style=\"color: #727272\"><\/i><\/span><\/div><div class=\"icon_text_holder\" style=\"\"><div class=\"icon_text_inner\" style=\"\"><h5 class=\"icon_title\" style=\"\"><\/h5><p style=''>Mo-Frei: 8:30 - 12:30, 14:30 - 18:00<br>Sam: 09:00 - 12:30<br>Sonntag nur mit Reservierung<\/p><\/div><\/div><\/div>\t\t\t\t<\/div>\n\t\t\t\t<\/div>\n\t\t\t\t<div class=\"elementor-element elementor-element-da272c6 elementor-widget elementor-widget-bridge_icon_text\" data-id=\"da272c6\" data-element_type=\"widget\" data-e-type=\"widget\" data-widget_type=\"bridge_icon_text.default\">\n\t\t\t\t<div class=\"elementor-widget-container\">\n\t\t\t\t\t<div class='q_icon_with_title tiny normal_icon '><div class=\"icon_holder \" style=\" \"><a href=\"https:\/\/goo.gl\/maps\/mLggWQLJJRMBe6E27\" target=\"_blank\" class=\"q_icon_link\"><span data-icon-type=\"normal\" class=\"qode_iwt_icon_holder q_font_awsome_icon   \"><i class=\"qodef-icon-linea-icon icon-basic-geolocalize-01 qode_iwt_icon_element\" style=\"color: #727272\"><\/i><\/span><\/a><\/div><div class=\"icon_text_holder\" style=\"\"><div class=\"icon_text_inner\" style=\"\"><h6 class=\"icon_title\" style=\"\"><\/h6><p style=''><\/p><a itemprop='url' class='icon_with_title_link' href='https:\/\/goo.gl\/maps\/mLggWQLJJRMBe6E27' target='_blank' style='color: #a5a5a5;'>Via Gorgo, 19 - 37066 - Custoza (VR) - Italia<\/a><\/div><\/div><\/div>\t\t\t\t<\/div>\n\t\t\t\t<\/div>\n\t\t\t\t<div class=\"elementor-element elementor-element-056afa4 elementor-widget elementor-widget-bridge_icon_text\" data-id=\"056afa4\" data-element_type=\"widget\" data-e-type=\"widget\" data-widget_type=\"bridge_icon_text.default\">\n\t\t\t\t<div class=\"elementor-widget-container\">\n\t\t\t\t\t<div class='q_icon_with_title tiny normal_icon '><div class=\"icon_holder \" style=\" \"><a href=\"tel:+39045516063\" target=\"_self\" class=\"q_icon_link\"><span data-icon-type=\"normal\" class=\"qode_iwt_icon_holder q_font_awsome_icon   \"><i class=\"qodef-icon-linea-icon icon-basic-smartphone qode_iwt_icon_element\" style=\"color: #727272\"><\/i><\/span><\/a><\/div><div class=\"icon_text_holder\" style=\"\"><div class=\"icon_text_inner\" style=\"\"><h5 class=\"icon_title\" style=\"\"><\/h5><p style=''><\/p><a itemprop='url' class='icon_with_title_link' href='tel:+39045516063' target='_self' style='color: #a5a5a5;'>+39 045 516063<\/a><\/div><\/div><\/div>\t\t\t\t<\/div>\n\t\t\t\t<\/div>\n\t\t\t\t<div class=\"elementor-element elementor-element-34afc0e elementor-widget elementor-widget-bridge_icon_text\" data-id=\"34afc0e\" data-element_type=\"widget\" data-e-type=\"widget\" data-widget_type=\"bridge_icon_text.default\">\n\t\t\t\t<div class=\"elementor-widget-container\">\n\t\t\t\t\t<div class='q_icon_with_title tiny normal_icon '><div class=\"icon_holder \" style=\" \"><a href=\"mailto:gorgo@cantinagorgo.com\" target=\"_self\" class=\"q_icon_link\"><span data-icon-type=\"normal\" class=\"qode_iwt_icon_holder q_font_awsome_icon   \"><i class=\"qodef-icon-linea-icon icon-basic-mail qode_iwt_icon_element\" style=\"color: #727272\"><\/i><\/span><\/a><\/div><div class=\"icon_text_holder\" style=\"\"><div class=\"icon_text_inner\" style=\"\"><h5 class=\"icon_title\" style=\"\"><\/h5><p style=''><\/p><a itemprop='url' class='icon_with_title_link' href='mailto:gorgo@cantinagorgo.com' target='_self' style='color: #a5a5a5;'>gorgo@cantinagorgo.com<\/a><\/div><\/div><\/div>\t\t\t\t<\/div>\n\t\t\t\t<\/div>\n\t\t\t\t\t<\/div>\n\t\t<\/div>\n\t\t\t\t<div class=\"elementor-column elementor-col-50 elementor-top-column elementor-element elementor-element-d59e169\" data-id=\"d59e169\" data-element_type=\"column\" data-e-type=\"column\">\n\t\t\t<div class=\"elementor-widget-wrap elementor-element-populated\">\n\t\t\t\t\t\t<div class=\"elementor-element elementor-element-2099331 elementor-widget elementor-widget-bridge_cf_7\" data-id=\"2099331\" data-element_type=\"widget\" data-e-type=\"widget\" data-widget_type=\"bridge_cf_7.default\">\n\t\t\t\t<div class=\"elementor-widget-container\">\n\t\t\t\t\t    <div class=\"qode-contact-form-7 qode-contact-form-7-0\">\n    \n<div class=\"wpcf7 no-js\" id=\"wpcf7-f5465-o1\" lang=\"de-DE\" dir=\"ltr\" data-wpcf7-id=\"5465\">\n<div class=\"screen-reader-response\"><p role=\"status\" aria-live=\"polite\" aria-atomic=\"true\"><\/p> <ul><\/ul><\/div>\n<form action=\"\/de\/wp-json\/wp\/v2\/pages\/5149#wpcf7-f5465-o1\" method=\"post\" class=\"wpcf7-form init cf7_custom_style_1\" aria-label=\"Kontaktformular\" novalidate=\"novalidate\" data-status=\"init\">\n<fieldset class=\"hidden-fields-container\"><input type=\"hidden\" name=\"_wpcf7\" value=\"5465\" \/><input type=\"hidden\" name=\"_wpcf7_version\" value=\"6.1.5\" \/><input type=\"hidden\" name=\"_wpcf7_locale\" value=\"de_DE\" \/><input type=\"hidden\" name=\"_wpcf7_unit_tag\" value=\"wpcf7-f5465-o1\" \/><input type=\"hidden\" name=\"_wpcf7_container_post\" value=\"0\" \/><input type=\"hidden\" name=\"_wpcf7_posted_data_hash\" value=\"\" \/><input type=\"hidden\" name=\"_wpcf7_recaptcha_response\" value=\"\" \/>\n<\/fieldset>\n<div><span class=\"wpcf7-form-control-wrap\" data-name=\"c-messaggio\"><textarea cols=\"40\" rows=\"10\" maxlength=\"2000\" class=\"wpcf7-form-control wpcf7-textarea wpcf7-validates-as-required\" aria-required=\"true\" aria-invalid=\"false\" placeholder=\"Ihre Nachricht\" name=\"c-messaggio\"><\/textarea><\/span><\/div>\r\n\r\n<div><span class=\"wpcf7-form-control-wrap\" data-name=\"c-nome\"><input size=\"40\" maxlength=\"400\" class=\"wpcf7-form-control wpcf7-text wpcf7-validates-as-required\" aria-required=\"true\" aria-invalid=\"false\" placeholder=\"Name und Nachname\" value=\"\" type=\"text\" name=\"c-nome\" \/><\/span><\/div>\r\n\r\n<div><span class=\"wpcf7-form-control-wrap\" data-name=\"c-email\"><input size=\"40\" maxlength=\"400\" class=\"wpcf7-form-control wpcf7-email wpcf7-validates-as-required wpcf7-text wpcf7-validates-as-email\" aria-required=\"true\" aria-invalid=\"false\" placeholder=\"Email\" value=\"\" type=\"email\" name=\"c-email\" \/><\/span><\/div>\r\n\r\n<p><span class=\"wpcf7-form-control-wrap\" data-name=\"accettazione-privacy\"><span class=\"wpcf7-form-control wpcf7-acceptance\"><span class=\"wpcf7-list-item\"><input type=\"checkbox\" name=\"accettazione-privacy\" value=\"1\" aria-invalid=\"false\" \/><\/span><\/span><\/span> I have read and agree to the website <a href=\"\/de\/privacy-policy\/\" target=\"_blank\">privacy policy.<\/p>\r\n\r\n<div><input class=\"wpcf7-form-control wpcf7-submit has-spinner\" type=\"submit\" value=\"Anfrage abschicken\" \/><\/div><div class=\"wpcf7-response-output\" aria-hidden=\"true\"><\/div>\n<\/form>\n<\/div>\n    <\/div>\n\t\t\t\t<\/div>\n\t\t\t\t<\/div>\n\t\t\t\t\t<\/div>\n\t\t<\/div>\n\t\t\t\t\t<\/div>\n\t\t<\/section>\n\t\t\t\t<\/div>\n\t\t","protected":false},"excerpt":{"rendered":"<p>Kontakt Bitte kontaktieren Sie uns f\u00fcr weitere Ausk\u00fcnfte oder Informationen. Wir freuen uns, von Ihnen zu h\u00f6ren und helfen Ihnen gerne weiter. Mo-Frei: 8:30 &#8211; 12:30, 14:30 &#8211; 18:00Sam: 09:00 &#8211; 12:30Sonntag nur mit Reservierung Via Gorgo, 19 &#8211; 37066 &#8211; Custoza (VR) &#8211; Italia&#8230;<\/p>\n","protected":false},"author":2,"featured_media":0,"parent":0,"menu_order":0,"comment_status":"closed","ping_status":"closed","template":"elementor_header_footer","meta":{"footnotes":""},"class_list":["post-5149","page","type-page","status-publish","hentry"],"_links":{"self":[{"href":"https:\/\/cantinagorgo.com\/de\/wp-json\/wp\/v2\/pages\/5149","targetHints":{"allow":["GET"]}}],"collection":[{"href":"https:\/\/cantinagorgo.com\/de\/wp-json\/wp\/v2\/pages"}],"about":[{"href":"https:\/\/cantinagorgo.com\/de\/wp-json\/wp\/v2\/types\/page"}],"author":[{"embeddable":true,"href":"https:\/\/cantinagorgo.com\/de\/wp-json\/wp\/v2\/users\/2"}],"replies":[{"embeddable":true,"href":"https:\/\/cantinagorgo.com\/de\/wp-json\/wp\/v2\/comments?post=5149"}],"version-history":[{"count":28,"href":"https:\/\/cantinagorgo.com\/de\/wp-json\/wp\/v2\/pages\/5149\/revisions"}],"predecessor-version":[{"id":8082,"href":"https:\/\/cantinagorgo.com\/de\/wp-json\/wp\/v2\/pages\/5149\/revisions\/8082"}],"wp:attachment":[{"href":"https:\/\/cantinagorgo.com\/de\/wp-json\/wp\/v2\/media?parent=5149"}],"curies":[{"name":"wp","href":"https:\/\/api.w.org\/{rel}","templated":true}]}}